{"id":1716,"date":"2023-07-12T08:42:56","date_gmt":"2023-07-12T08:42:56","guid":{"rendered":"http:\/\/preview.kardiologie-nixdorff-vester.de\/?page_id=1716"},"modified":"2023-07-31T13:48:12","modified_gmt":"2023-07-31T13:48:12","slug":"impressum","status":"publish","type":"page","link":"http:\/\/kardiologie-nixdorff.de\/fr\/impressum\/","title":{"rendered":"Mentions l\u00e9gales"},"content":{"rendered":"<div data-elementor-type=\"wp-page\" data-elementor-id=\"1716\" class=\"elementor elementor-1716\" data-elementor-post-type=\"page\">\n\t\t\t\t<div class=\"elementor-element elementor-element-dc5e3c3 e-flex e-con-boxed e-con e-parent\" data-id=\"dc5e3c3\" data-element_type=\"container\" data-e-type=\"container\">\n\t\t\t\t\t<div class=\"e-con-inner\">\n\t\t\t\t<div class=\"elementor-element elementor-element-f9bc193 elementor-widget elementor-widget-heading\" data-id=\"f9bc193\" data-element_type=\"widget\" data-e-type=\"widget\" data-widget_type=\"heading.default\">\n\t\t\t\t<div class=\"elementor-widget-container\">\n\t\t\t\t\t<h2 class=\"elementor-heading-title elementor-size-default\">Mentions l\u00e9gales<\/h2>\t\t\t\t<\/div>\n\t\t\t\t<\/div>\n\t\t\t\t<div class=\"elementor-element elementor-element-79a2e55 elementor-widget elementor-widget-text-editor\" data-id=\"79a2e55\" data-element_type=\"widget\" data-e-type=\"widget\" data-widget_type=\"text-editor.default\">\n\t\t\t\t<div class=\"elementor-widget-container\">\n\t\t\t\t\t\t\t\t\t<p>conform\u00e9ment au \u00a7 5 de la loi sur les t\u00e9l\u00e9m\u00e9dias<\/p><p>\u00a0<\/p><p>Nom et adresse de la soci\u00e9t\u00e9 :<\/p><p>Prof. Dr. med. Uwe Nixdorff<br \/>M\u00e9decin interne, cardiologue, m\u00e9decin du sport<br \/>Cardiologue europ\u00e9en<br \/>Sp\u00e9cialiste du fitness physique<br \/>(Cooper Institute, Dallas\/Texas, \u00c9tats-Unis)<\/p><p>Rue Luise-Rainer 6-10<br \/>40235 D\u00fcsseldorf<br \/>Allemagne<br \/>T\u00e9l : 0211 838 628 50<\/p><p>\u00a0<\/p><p>Directeur g\u00e9n\u00e9ral : Prof. Dr. Uwe Nixdorff<br \/>Si\u00e8ge de la soci\u00e9t\u00e9 : D\u00fcsseldorf<br \/>Registre du commerce : HRB 72849<br \/>N\u00b0 de TVA : DE 256047729<\/p><p>\u00a0<\/p><p>Le Prof. Nixdorff exerce sa profession conform\u00e9ment au code de d\u00e9ontologie de l'Ordre des m\u00e9decins de Rh\u00e9nanie du Nord, il est membre de l'Ordre des m\u00e9decins de Rh\u00e9nanie du Nord. Les titres de m\u00e9decin professionnel et de sp\u00e9cialiste proviennent d'Allemagne.<\/p><p style=\"margin-bottom: 24px; font-size: 14px; line-height: 22px; color: #222222; font-family: Lato, sans-serif; font-style: normal; font-weight: 400;\">\u00a0<\/p><div style=\"flex-basis: var(--flex-basis); flex-grow: var(--flex-grow); flex-shrink: var(--flex-shrink); order: var(--order); align-self: var(--align-self); flex-direction: var(--flex-direction); flex-wrap: var(--flex-wrap); justify-content: var(--justify-content); align-items: var(--align-items); align-content: var(--align-content); gap: var(--gap); --swiper-theme-color: #000; --swiper-navigation-size: 44px; --swiper-pagination-bullet-size: 6px; --swiper-pagination-bullet-horizontal-gap: 6px; --widgets-spacing: 20px;\" data-id=\"a3aa7d8\" data-element_type=\"widget\" data-widget_type=\"heading.default\"><div style=\"transition: background .3s,border .3s,border-radius .3s,box-shadow .3s,transform var(--e-transform-transition-duration,.4s);\"><h2>Clause de non-responsabilit\u00e9 :<\/h2><\/div><\/div><div style=\"flex-basis: var(--flex-basis); flex-grow: var(--flex-grow); flex-shrink: var(--flex-shrink); order: var(--order); align-self: var(--align-self); flex-direction: var(--flex-direction); flex-wrap: var(--flex-wrap); justify-content: var(--justify-content); align-items: var(--align-items); align-content: var(--align-content); gap: var(--gap); --swiper-theme-color: #000; --swiper-navigation-size: 44px; --swiper-pagination-bullet-size: 6px; --swiper-pagination-bullet-horizontal-gap: 6px; --widgets-spacing: 20px;\" data-id=\"78bfabe\" data-element_type=\"widget\" data-widget_type=\"text-editor.default\"><div style=\"transition: background .3s,border .3s,border-radius .3s,box-shadow .3s,transform var(--e-transform-transition-duration,.4s);\"><div><ol style=\"font-size: 16px;\"><li style=\"font-size: 16px;\"><h3>Limitation de responsabilit\u00e9<\/h3><p style=\"font-size: 16px;\">Les contenus de ce site web sont \u00e9labor\u00e9s avec le plus grand soin. Le fournisseur n'assume toutefois aucune garantie quant \u00e0 l'exactitude, l'exhaustivit\u00e9 et l'actualit\u00e9 des contenus mis \u00e0 disposition. L'utilisation des contenus du site web se fait aux risques et p\u00e9rils de l'utilisateur. Les contributions nomm\u00e9es refl\u00e8tent l'opinion de l'auteur respectif et pas toujours celle du fournisseur. La simple utilisation du site web du fournisseur ne donne lieu \u00e0 aucune relation contractuelle entre l'utilisateur et le fournisseur.<\/p><\/li><li style=\"font-size: 16px;\"><h3>Liens externes<\/h3><p style=\"font-size: 16px;\">Ce site web contient des liens vers des sites web de tiers (\"liens externes\"). Ces sites sont soumis \u00e0 la responsabilit\u00e9 de leurs exploitants respectifs. Lors de la premi\u00e8re mise en place des liens externes, le fournisseur a v\u00e9rifi\u00e9 si les contenus externes pr\u00e9sentaient d'\u00e9ventuelles violations de la loi. Aucune violation de la loi n'a \u00e9t\u00e9 constat\u00e9e \u00e0 ce moment-l\u00e0. Le fournisseur n'a aucune influence sur la conception actuelle et future et sur les contenus des pages li\u00e9es. La mise en place de liens externes ne signifie pas que le fournisseur s'approprie les contenus se trouvant derri\u00e8re le renvoi ou le lien. Un contr\u00f4le permanent de ces liens externes ne peut \u00eatre exig\u00e9 du fournisseur sans indication concr\u00e8te de violations de la loi. Toutefois, d\u00e8s la prise de connaissance d'une violation de la loi, les liens externes en question seront imm\u00e9diatement supprim\u00e9s.<\/p><\/li><li style=\"font-size: 16px;\"><h3>Droits d'auteur et droits voisins<\/h3><p style=\"font-size: 16px;\">Les contenus publi\u00e9s sur ce site Internet sont soumis au droit d'auteur et aux droits voisins allemands. Toute utilisation non autoris\u00e9e par le droit d'auteur et les droits voisins allemands requiert l'accord \u00e9crit pr\u00e9alable du fournisseur ou du d\u00e9tenteur des droits. Cela s'applique en particulier \u00e0 la reproduction, au traitement, \u00e0 la traduction, \u00e0 l'enregistrement, au traitement ou \u00e0 la restitution de contenus dans des bases de donn\u00e9es ou d'autres m\u00e9dias et syst\u00e8mes \u00e9lectroniques. Les contenus et droits de tiers sont signal\u00e9s comme tels. La reproduction ou la transmission non autoris\u00e9e de contenus individuels ou de pages compl\u00e8tes est interdite et punissable. Seule la r\u00e9alisation de copies et de t\u00e9l\u00e9chargements pour un usage personnel, priv\u00e9 et non commercial est autoris\u00e9e. La repr\u00e9sentation de ce site web dans des cadres \u00e9trangers n'est autoris\u00e9e qu'avec une permission \u00e9crite.<\/p><\/li><li style=\"font-size: 16px;\"><h3>Conditions d'utilisation particuli\u00e8res<\/h3><p style=\"font-size: 16px;\">Dans la mesure o\u00f9 des conditions particuli\u00e8res pour certaines utilisations de ce site web diff\u00e8rent des points 1. \u00e0 4. susmentionn\u00e9s, il en est fait express\u00e9ment mention \u00e0 l'endroit correspondant. Dans ce cas, les conditions d'utilisation particuli\u00e8res s'appliquent au cas par cas.<\/p><p style=\"font-size: 16px;\">Source : www.Juraforum.de - portail juridique avec recherche d'avocats<\/p><\/li><\/ol><\/div><\/div><\/div><p style=\"margin-bottom: 24px; font-size: 14px; line-height: 22px; color: #222222; font-family: Lato, sans-serif; font-style: normal; font-weight: 400;\">Clause de responsabilit\u00e9 : malgr\u00e9 un contr\u00f4le minutieux du contenu, nous d\u00e9clinons toute responsabilit\u00e9 quant au contenu des liens externes. Seuls les exploitants de ces sites sont responsables de leur contenu.<\/p><p>\u00a0<\/p><p>\u00a0<\/p>\t\t\t\t\t\t\t\t<\/div>\n\t\t\t\t<\/div>\n\t\t\t\t\t<\/div>\n\t\t\t\t<\/div>\n\t\t\t\t<\/div>","protected":false},"excerpt":{"rendered":"<p>Impressum gem\u00e4\u00df \u00a7 5 Telemediengesetz Name und Anschrift der Gesellschaft: Prof. Dr. med. Uwe Nixdorff Internist, Kardiologe, Sportmediziner European Cardiologist Physical Fitness Specialist (Cooper Institute, Dallas\/Texas, USA) Luise-Rainer-Stra\u00dfe 6-10 40235 D\u00fcsseldorf Deutschland Tel: 0211 838 628 50 Gesch\u00e4ftsf\u00fchrer: Prof. Dr. Uwe Nixdorff Sitz der Gesellschaft: D\u00fcsseldorf Handelsregister: HRB 72849 USt-Id.-Nr.: DE 256047729 Prof. Nixdorff \u00fcber [&hellip;]<\/p>\n","protected":false},"author":1,"featured_media":0,"parent":0,"menu_order":0,"comment_status":"closed","ping_status":"closed","template":"","meta":{"site-sidebar-layout":"no-sidebar","site-content-layout":"page-builder","ast-site-content-layout":"default","site-content-style":"default","site-sidebar-style":"default","ast-global-header-display":"","ast-banner-title-visibility":"","ast-main-header-display":"","ast-hfb-above-header-display":"","ast-hfb-below-header-display":"","ast-hfb-mobile-header-display":"","site-post-title":"disabled","ast-breadcrumbs-content":"","ast-featured-img":"disabled","footer-sml-layout":"","ast-disable-related-posts":"","theme-transparent-header-meta":"","adv-header-id-meta":"","stick-header-meta":"","header-above-stick-meta":"","header-main-stick-meta":"","header-below-stick-meta":"","astra-migrate-meta-layouts":"default","ast-page-background-enabled":"default","ast-page-background-meta":{"desktop":{"background-color":"var(--ast-global-color-4)","background-image":"","background-repeat":"repeat","background-position":"center center","background-size":"auto","background-attachment":"scroll","background-type":"","background-media":"","overlay-type":"","overlay-color":"","overlay-opacity":"","overlay-gradient":""},"tablet":{"background-color":"","background-image":"","background-repeat":"repeat","background-position":"center center","background-size":"auto","background-attachment":"scroll","background-type":"","background-media":"","overlay-type":"","overlay-color":"","overlay-opacity":"","overlay-gradient":""},"mobile":{"background-color":"","background-image":"","background-repeat":"repeat","background-position":"center center","background-size":"auto","background-attachment":"scroll","background-type":"","background-media":"","overlay-type":"","overlay-color":"","overlay-opacity":"","overlay-gradient":""}},"ast-content-background-meta":{"desktop":{"background-color":"var(--ast-global-color-5)","background-image":"","background-repeat":"repeat","background-position":"center center","background-size":"auto","background-attachment":"scroll","background-type":"","background-media":"","overlay-type":"","overlay-color":"","overlay-opacity":"","overlay-gradient":""},"tablet":{"background-color":"var(--ast-global-color-5)","background-image":"","background-repeat":"repeat","background-position":"center center","background-size":"auto","background-attachment":"scroll","background-type":"","background-media":"","overlay-type":"","overlay-color":"","overlay-opacity":"","overlay-gradient":""},"mobile":{"background-color":"var(--ast-global-color-5)","background-image":"","background-repeat":"repeat","background-position":"center center","background-size":"auto","background-attachment":"scroll","background-type":"","background-media":"","overlay-type":"","overlay-color":"","overlay-opacity":"","overlay-gradient":""}},"footnotes":""},"class_list":["post-1716","page","type-page","status-publish","hentry"],"yoast_head":"<!-- This site is optimized with the Yoast SEO Premium plugin v21.2 (Yoast SEO v27.4) - https:\/\/yoast.com\/product\/yoast-seo-premium-wordpress\/ -->\n<title>Impressum - Kardiologische Privatpraxis - Prof. Nixdorff<\/title>\n<meta name=\"robots\" content=\"index, follow, max-snippet:-1, max-image-preview:large, max-video-preview:-1\" \/>\n<link rel=\"canonical\" href=\"https:\/\/kardiologie-nixdorff.de\/fr\/impressum\/\" \/>\n<meta property=\"og:locale\" content=\"fr_FR\" \/>\n<meta property=\"og:type\" content=\"article\" \/>\n<meta property=\"og:title\" content=\"Impressum\" \/>\n<meta property=\"og:description\" content=\"Impressum gem\u00e4\u00df \u00a7 5 Telemediengesetz Name und Anschrift der Gesellschaft: Prof. Dr. med. Uwe Nixdorff Internist, Kardiologe, Sportmediziner European Cardiologist Physical Fitness Specialist (Cooper Institute, Dallas\/Texas, USA) Luise-Rainer-Stra\u00dfe 6-10 40235 D\u00fcsseldorf Deutschland Tel: 0211 838 628 50 Gesch\u00e4ftsf\u00fchrer: Prof. Dr. Uwe Nixdorff Sitz der Gesellschaft: D\u00fcsseldorf Handelsregister: HRB 72849 USt-Id.-Nr.: DE 256047729 Prof. Nixdorff \u00fcber [&hellip;]\" \/>\n<meta property=\"og:url\" content=\"https:\/\/kardiologie-nixdorff.de\/fr\/impressum\/\" \/>\n<meta property=\"og:site_name\" content=\"Kardiologische Privatpraxis - Prof. Nixdorff\" \/>\n<meta property=\"article:modified_time\" content=\"2023-07-31T13:48:12+00:00\" \/>\n<meta name=\"twitter:card\" content=\"summary_large_image\" \/>\n<meta name=\"twitter:label1\" content=\"Dur\u00e9e de lecture estim\u00e9e\" \/>\n\t<meta name=\"twitter:data1\" content=\"2 minutes\" \/>\n<script type=\"application\/ld+json\" class=\"yoast-schema-graph\">{\"@context\":\"https:\\\/\\\/schema.org\",\"@graph\":[{\"@type\":\"WebPage\",\"@id\":\"https:\\\/\\\/kardiologie-nixdorff.de\\\/impressum\\\/\",\"url\":\"https:\\\/\\\/kardiologie-nixdorff.de\\\/impressum\\\/\",\"name\":\"Impressum - Kardiologische Privatpraxis - Prof. Nixdorff\",\"isPartOf\":{\"@id\":\"https:\\\/\\\/kardiologie-nixdorff.de\\\/#website\"},\"datePublished\":\"2023-07-12T08:42:56+00:00\",\"dateModified\":\"2023-07-31T13:48:12+00:00\",\"breadcrumb\":{\"@id\":\"https:\\\/\\\/kardiologie-nixdorff.de\\\/impressum\\\/#breadcrumb\"},\"inLanguage\":\"fr-FR\",\"potentialAction\":[{\"@type\":\"ReadAction\",\"target\":[\"https:\\\/\\\/kardiologie-nixdorff.de\\\/impressum\\\/\"]}]},{\"@type\":\"BreadcrumbList\",\"@id\":\"https:\\\/\\\/kardiologie-nixdorff.de\\\/impressum\\\/#breadcrumb\",\"itemListElement\":[{\"@type\":\"ListItem\",\"position\":1,\"name\":\"Home\",\"item\":\"https:\\\/\\\/kardiologie-nixdorff.de\\\/\"},{\"@type\":\"ListItem\",\"position\":2,\"name\":\"Impressum\"}]},{\"@type\":\"WebSite\",\"@id\":\"https:\\\/\\\/kardiologie-nixdorff.de\\\/#website\",\"url\":\"https:\\\/\\\/kardiologie-nixdorff.de\\\/\",\"name\":\"Kardiologische Privatpraxis - Prof. Nixdorff\",\"description\":\"Die Kardiologische Privatpraxis Nixdorff &amp; Vester in D&uuml;sseldorf bietet spezialisierte kardiologische Behandlungen mit einem ganzheitlichen Ansatz. Geleitet von den erfahrenen Kardiologen Prof. Dr. med. Uwe Nixdorff und Prof. Dr. med. Ernst G. Vester, verbindet die Praxis pr&auml;ventive und interventionelle Medizin. Das Team bietet individuelle Diagnostik und Betreuung f&uuml;r Herzgesundheit, von Erstuntersuchungen bis zu komplexen F&auml;llen. Patienten profitieren zudem von der Anbindung an das European Prevention Center f&uuml;r umfassende Gesundheits-Check-ups. Die Praxis ist nur f&uuml;r privat versicherte Patienten oder Selbstzahler zug&auml;nglich.\",\"publisher\":{\"@id\":\"https:\\\/\\\/kardiologie-nixdorff.de\\\/#organization\"},\"alternateName\":\"Kardiologie D\u00fcsseldorf\",\"potentialAction\":[{\"@type\":\"SearchAction\",\"target\":{\"@type\":\"EntryPoint\",\"urlTemplate\":\"https:\\\/\\\/kardiologie-nixdorff.de\\\/?s={search_term_string}\"},\"query-input\":{\"@type\":\"PropertyValueSpecification\",\"valueRequired\":true,\"valueName\":\"search_term_string\"}}],\"inLanguage\":\"fr-FR\"},{\"@type\":\"Organization\",\"@id\":\"https:\\\/\\\/kardiologie-nixdorff.de\\\/#organization\",\"name\":\"Kardiologische Privatpraxis - Prof. Nixdorff\",\"url\":\"https:\\\/\\\/kardiologie-nixdorff.de\\\/\",\"logo\":{\"@type\":\"ImageObject\",\"inLanguage\":\"fr-FR\",\"@id\":\"https:\\\/\\\/kardiologie-nixdorff.de\\\/#\\\/schema\\\/logo\\\/image\\\/\",\"url\":\"https:\\\/\\\/kardiologie-nixdorff.de\\\/wp-content\\\/uploads\\\/2025\\\/10\\\/cropped-Logo_Kardiologie.jpg\",\"contentUrl\":\"https:\\\/\\\/kardiologie-nixdorff.de\\\/wp-content\\\/uploads\\\/2025\\\/10\\\/cropped-Logo_Kardiologie.jpg\",\"width\":512,\"height\":512,\"caption\":\"Kardiologische Privatpraxis - Prof. Nixdorff\"},\"image\":{\"@id\":\"https:\\\/\\\/kardiologie-nixdorff.de\\\/#\\\/schema\\\/logo\\\/image\\\/\"}}]}<\/script>\n<!-- \/ Yoast SEO Premium plugin. -->","yoast_head_json":{"title":"Mentions l\u00e9gales - Cabinet priv\u00e9 de cardiologie - Prof. Nixdorff","robots":{"index":"index","follow":"follow","max-snippet":"max-snippet:-1","max-image-preview":"max-image-preview:large","max-video-preview":"max-video-preview:-1"},"canonical":"https:\/\/kardiologie-nixdorff.de\/fr\/impressum\/","og_locale":"fr_FR","og_type":"article","og_title":"Impressum","og_description":"Impressum gem\u00e4\u00df \u00a7 5 Telemediengesetz Name und Anschrift der Gesellschaft: Prof. Dr. med. Uwe Nixdorff Internist, Kardiologe, Sportmediziner European Cardiologist Physical Fitness Specialist (Cooper Institute, Dallas\/Texas, USA) Luise-Rainer-Stra\u00dfe 6-10 40235 D\u00fcsseldorf Deutschland Tel: 0211 838 628 50 Gesch\u00e4ftsf\u00fchrer: Prof. Dr. Uwe Nixdorff Sitz der Gesellschaft: D\u00fcsseldorf Handelsregister: HRB 72849 USt-Id.-Nr.: DE 256047729 Prof. Nixdorff \u00fcber [&hellip;]","og_url":"https:\/\/kardiologie-nixdorff.de\/fr\/impressum\/","og_site_name":"Kardiologische Privatpraxis - Prof. Nixdorff","article_modified_time":"2023-07-31T13:48:12+00:00","twitter_card":"summary_large_image","twitter_misc":{"Dur\u00e9e de lecture estim\u00e9e":"2 minutes"},"schema":{"@context":"https:\/\/schema.org","@graph":[{"@type":"WebPage","@id":"https:\/\/kardiologie-nixdorff.de\/impressum\/","url":"https:\/\/kardiologie-nixdorff.de\/impressum\/","name":"Mentions l\u00e9gales - Cabinet priv\u00e9 de cardiologie - Prof. Nixdorff","isPartOf":{"@id":"https:\/\/kardiologie-nixdorff.de\/#website"},"datePublished":"2023-07-12T08:42:56+00:00","dateModified":"2023-07-31T13:48:12+00:00","breadcrumb":{"@id":"https:\/\/kardiologie-nixdorff.de\/impressum\/#breadcrumb"},"inLanguage":"fr-FR","potentialAction":[{"@type":"ReadAction","target":["https:\/\/kardiologie-nixdorff.de\/impressum\/"]}]},{"@type":"BreadcrumbList","@id":"https:\/\/kardiologie-nixdorff.de\/impressum\/#breadcrumb","itemListElement":[{"@type":"ListItem","position":1,"name":"Home","item":"https:\/\/kardiologie-nixdorff.de\/"},{"@type":"ListItem","position":2,"name":"Impressum"}]},{"@type":"WebSite","@id":"https:\/\/kardiologie-nixdorff.de\/#website","url":"https:\/\/kardiologie-nixdorff.de\/","name":"Cabinet priv\u00e9 de cardiologie - Prof. Nixdorff","description":"Le cabinet priv\u00e9 de cardiologie Nixdorff &amp; Vester \u00e0 D\u00fcsseldorf propose des traitements cardiologiques sp\u00e9cialis\u00e9s avec une approche globale. Dirig\u00e9 par les cardiologues exp\u00e9riment\u00e9s Prof. Dr. med. Uwe Nixdorff et Prof. Dr. med. Ernst G. Vester, le cabinet combine la m\u00e9decine pr\u00e9ventive et interventionnelle. L'\u00e9quipe propose des diagnostics et des soins individuels pour la sant\u00e9 cardiaque, des premiers examens aux cas complexes. Les patients profitent en outre du lien avec le European Prevention Center pour des bilans de sant\u00e9 complets. Le cabinet n'est accessible qu'aux patients assur\u00e9s en priv\u00e9 ou aux personnes payant elles-m\u00eames leurs frais.","publisher":{"@id":"https:\/\/kardiologie-nixdorff.de\/#organization"},"alternateName":"Kardiologie D\u00fcsseldorf","potentialAction":[{"@type":"SearchAction","target":{"@type":"EntryPoint","urlTemplate":"https:\/\/kardiologie-nixdorff.de\/?s={search_term_string}"},"query-input":{"@type":"PropertyValueSpecification","valueRequired":true,"valueName":"search_term_string"}}],"inLanguage":"fr-FR"},{"@type":"Organization","@id":"https:\/\/kardiologie-nixdorff.de\/#organization","name":"Cabinet priv\u00e9 de cardiologie - Prof. Nixdorff","url":"https:\/\/kardiologie-nixdorff.de\/","logo":{"@type":"ImageObject","inLanguage":"fr-FR","@id":"https:\/\/kardiologie-nixdorff.de\/#\/schema\/logo\/image\/","url":"https:\/\/kardiologie-nixdorff.de\/wp-content\/uploads\/2025\/10\/cropped-Logo_Kardiologie.jpg","contentUrl":"https:\/\/kardiologie-nixdorff.de\/wp-content\/uploads\/2025\/10\/cropped-Logo_Kardiologie.jpg","width":512,"height":512,"caption":"Kardiologische Privatpraxis - Prof. Nixdorff"},"image":{"@id":"https:\/\/kardiologie-nixdorff.de\/#\/schema\/logo\/image\/"}}]}},"_links":{"self":[{"href":"http:\/\/kardiologie-nixdorff.de\/fr\/wp-json\/wp\/v2\/pages\/1716","targetHints":{"allow":["GET"]}}],"collection":[{"href":"http:\/\/kardiologie-nixdorff.de\/fr\/wp-json\/wp\/v2\/pages"}],"about":[{"href":"http:\/\/kardiologie-nixdorff.de\/fr\/wp-json\/wp\/v2\/types\/page"}],"author":[{"embeddable":true,"href":"http:\/\/kardiologie-nixdorff.de\/fr\/wp-json\/wp\/v2\/users\/1"}],"replies":[{"embeddable":true,"href":"http:\/\/kardiologie-nixdorff.de\/fr\/wp-json\/wp\/v2\/comments?post=1716"}],"version-history":[{"count":1,"href":"http:\/\/kardiologie-nixdorff.de\/fr\/wp-json\/wp\/v2\/pages\/1716\/revisions"}],"predecessor-version":[{"id":2528,"href":"http:\/\/kardiologie-nixdorff.de\/fr\/wp-json\/wp\/v2\/pages\/1716\/revisions\/2528"}],"wp:attachment":[{"href":"http:\/\/kardiologie-nixdorff.de\/fr\/wp-json\/wp\/v2\/media?parent=1716"}],"curies":[{"name":"wp","href":"https:\/\/api.w.org\/{rel}","templated":true}]}}