{"id":1321,"date":"2021-11-21T15:14:44","date_gmt":"2021-11-21T15:14:44","guid":{"rendered":"http:\/\/preview.kardiologie-nixdorff-vester.de\/contact\/"},"modified":"2025-10-04T15:50:57","modified_gmt":"2025-10-04T15:50:57","slug":"kontakt","status":"publish","type":"page","link":"http:\/\/kardiologie-nixdorff.de\/zh\/kontakt\/","title":{"rendered":"\u8054\u7cfb\u65b9\u5f0f"},"content":{"rendered":"\t\t<div data-elementor-type=\"wp-page\" data-elementor-id=\"1321\" class=\"elementor elementor-1321\" data-elementor-post-type=\"page\">\n\t\t\t\t\t\t<section class=\"elementor-section elementor-top-section elementor-element elementor-element-599ff158 elementor-section-height-min-height elementor-section-items-bottom elementor-section-content-bottom elementor-section-boxed elementor-section-height-default\" data-id=\"599ff158\" data-element_type=\"section\" data-e-type=\"section\" data-settings=\"{&quot;background_background&quot;:&quot;classic&quot;}\">\n\t\t\t\t\t\t\t<div class=\"elementor-background-overlay\"><\/div>\n\t\t\t\t\t\t\t<div class=\"elementor-container elementor-column-gap-default\">\n\t\t\t\t\t<div class=\"elementor-column elementor-col-100 elementor-top-column elementor-element elementor-element-3018a389\" data-id=\"3018a389\" data-element_type=\"column\" data-e-type=\"column\">\n\t\t\t<div class=\"elementor-widget-wrap elementor-element-populated\">\n\t\t\t\t<div class=\"elementor-element elementor-element-724219c3 e-flex e-con-boxed e-con e-parent\" data-id=\"724219c3\" data-element_type=\"container\" data-e-type=\"container\">\n\t\t\t\t\t<div class=\"e-con-inner\">\n\t\t<div class=\"elementor-element elementor-element-2211b85f e-flex e-con-boxed e-con e-child\" data-id=\"2211b85f\" data-element_type=\"container\" data-e-type=\"container\">\n\t\t\t\t\t<div class=\"e-con-inner\">\n\t\t\t\t<div class=\"elementor-element elementor-element-6326596c elementor-widget elementor-widget-heading\" data-id=\"6326596c\" data-element_type=\"widget\" data-e-type=\"widget\" data-widget_type=\"heading.default\">\n\t\t\t\t<div class=\"elementor-widget-container\">\n\t\t\t\t\t<h2 class=\"elementor-heading-title elementor-size-default\">WE CARE FOR YOU<\/h2>\t\t\t\t<\/div>\n\t\t\t\t<\/div>\n\t\t\t\t\t<\/div>\n\t\t\t\t<\/div>\n\t\t\t\t\t<\/div>\n\t\t\t\t<\/div>\n\t\t\t\t\t<\/div>\n\t\t<\/div>\n\t\t\t\t\t<\/div>\n\t\t<\/section>\n\t\t<div class=\"elementor-element elementor-element-551cb845 e-flex e-con-boxed e-con e-parent\" data-id=\"551cb845\" data-element_type=\"container\" data-e-type=\"container\">\n\t\t\t\t\t<div class=\"e-con-inner\">\n\t\t<div class=\"elementor-element elementor-element-43dbbf4d e-con-full e-flex e-con e-child\" data-id=\"43dbbf4d\" data-element_type=\"container\" data-e-type=\"container\">\n\t\t<div class=\"elementor-element elementor-element-31e25bd9 e-flex e-con-boxed e-con e-child\" data-id=\"31e25bd9\" data-element_type=\"container\" data-e-type=\"container\">\n\t\t\t\t\t<div class=\"e-con-inner\">\n\t\t\t\t<div class=\"elementor-element elementor-element-ddcc9f8 elementor-widget elementor-widget-heading\" data-id=\"ddcc9f8\" data-element_type=\"widget\" data-e-type=\"widget\" data-widget_type=\"heading.default\">\n\t\t\t\t<div class=\"elementor-widget-container\">\n\t\t\t\t\t<h2 class=\"elementor-heading-title elementor-size-default\">Kontaktformular<\/h2>\t\t\t\t<\/div>\n\t\t\t\t<\/div>\n\t\t\t\t<div class=\"elementor-element elementor-element-72a938f2 elementor-widget-divider--view-line elementor-widget elementor-widget-divider\" data-id=\"72a938f2\" data-element_type=\"widget\" data-e-type=\"widget\" data-widget_type=\"divider.default\">\n\t\t\t\t<div class=\"elementor-widget-container\">\n\t\t\t\t\t\t\t<div class=\"elementor-divider\">\n\t\t\t<span class=\"elementor-divider-separator\">\n\t\t\t\t\t\t<\/span>\n\t\t<\/div>\n\t\t\t\t\t\t<\/div>\n\t\t\t\t<\/div>\n\t\t\t\t\t<\/div>\n\t\t\t\t<\/div>\n\t\t<div class=\"elementor-element elementor-element-dc51021 e-grid e-con-boxed e-con e-child\" data-id=\"dc51021\" data-element_type=\"container\" data-e-type=\"container\">\n\t\t\t\t\t<div class=\"e-con-inner\">\n\t\t\t\t<div class=\"elementor-element elementor-element-54ebefc elementor-widget elementor-widget-text-editor\" data-id=\"54ebefc\" data-element_type=\"widget\" data-e-type=\"widget\" data-widget_type=\"text-editor.default\">\n\t\t\t\t<div class=\"elementor-widget-container\">\n\t\t\t\t\t\t\t\t\t<p><strong>\u00d6ffnungszeiten:<\/strong><br \/>Mo, Di, Do, Fr: 8:00 \u2013 16:00 Uhr<br \/>Mi: 8:00 \u2013 12:00 Uhr<\/p><p>und nach Vereinbarung<\/p>\t\t\t\t\t\t\t\t<\/div>\n\t\t\t\t<\/div>\n\t\t\t\t<div class=\"elementor-element elementor-element-3310961 elementor-widget elementor-widget-text-editor\" data-id=\"3310961\" data-element_type=\"widget\" data-e-type=\"widget\" data-widget_type=\"text-editor.default\">\n\t\t\t\t<div class=\"elementor-widget-container\">\n\t\t\t\t\t\t\t\t\t<p>Nutzen Sie gerne unser Kontaktformular oder unsere <a href=\"mailto:info@kardiologie-nixdorff.de\">E-Mail-Adresse<\/a> um uns eine Nachricht zukommen zu lassen. Gerne erreichen Sie unsere Praxis ansonsten w\u00e4hrend der Sprechzeiten unter der<\/p><p>\u00a0<\/p><p>+49 211 838 628 50.<\/p><p>\u00a0<\/p><p>Au\u00dferdem k\u00f6nnen Sie uns verschl\u00fcsselt auch Dokumente \u00fcber Doctolib (rechte Seite) zukommen lassen.<\/p>\t\t\t\t\t\t\t\t<\/div>\n\t\t\t\t<\/div>\n\t\t\t\t\t<\/div>\n\t\t\t\t<\/div>\n\t\t\t\t<div class=\"elementor-element elementor-element-35a26f0 elementor-widget elementor-widget-text-editor\" data-id=\"35a26f0\" data-element_type=\"widget\" data-e-type=\"widget\" data-widget_type=\"text-editor.default\">\n\t\t\t\t<div class=\"elementor-widget-container\">\n\t\t\t\t\t\t\t\t\t<p><strong>Bitte beachten Sie, dass wir als Privatpraxis ausschlie\u00dflich mit privaten Krankenkassen gem\u00e4\u00df der Geb\u00fchrenordnung f\u00fcr \u00c4rzte (GO\u00c4)\u00a0 abrechnen k\u00f6nnen. Gesetzliche Versicherte k\u00f6nnen unsere Leistungen als Selbstzahler wahrnehmen.\u00a0<\/strong><\/p>\t\t\t\t\t\t\t\t<\/div>\n\t\t\t\t<\/div>\n\t\t\t\t<div class=\"elementor-element elementor-element-2a424a4 elementor-widget-divider--view-line elementor-widget elementor-widget-divider\" data-id=\"2a424a4\" data-element_type=\"widget\" data-e-type=\"widget\" data-widget_type=\"divider.default\">\n\t\t\t\t<div class=\"elementor-widget-container\">\n\t\t\t\t\t\t\t<div class=\"elementor-divider\">\n\t\t\t<span class=\"elementor-divider-separator\">\n\t\t\t\t\t\t<\/span>\n\t\t<\/div>\n\t\t\t\t\t\t<\/div>\n\t\t\t\t<\/div>\n\t\t\t\t<div class=\"elementor-element elementor-element-9e0daa4 elementor-button-align-stretch elementor-widget elementor-widget-form\" data-id=\"9e0daa4\" data-element_type=\"widget\" data-e-type=\"widget\" data-settings=\"{&quot;step_next_label&quot;:&quot;N\\u00e4chster&quot;,&quot;step_previous_label&quot;:&quot;Voriger&quot;,&quot;button_width&quot;:&quot;100&quot;,&quot;step_type&quot;:&quot;number_text&quot;,&quot;step_icon_shape&quot;:&quot;circle&quot;}\" data-widget_type=\"form.default\">\n\t\t\t\t<div class=\"elementor-widget-container\">\n\t\t\t\t\t\t\t<form class=\"elementor-form\" method=\"post\" name=\"Kardiologie Kontakt\" aria-label=\"Kardiologie Kontakt\">\n\t\t\t<input type=\"hidden\" name=\"post_id\" value=\"1321\"\/>\n\t\t\t<input type=\"hidden\" name=\"form_id\" value=\"9e0daa4\"\/>\n\t\t\t<input type=\"hidden\" name=\"referer_title\" value=\"Kontakt - Kardiologische Privatpraxis - Prof. Nixdorff\" \/>\n\n\t\t\t\t\t\t\t<input type=\"hidden\" name=\"queried_id\" value=\"1321\"\/>\n\t\t\t\n\t\t\t<div class=\"elementor-form-fields-wrapper elementor-labels-above\">\n\t\t\t\t\t\t\t\t<div class=\"elementor-field-type-select elementor-field-group elementor-column elementor-field-group-ArtDesTermins elementor-col-100\">\n\t\t\t\t\t\t\t<div class=\"elementor-field elementor-select-wrapper remove-before \">\n\t\t\t<div class=\"select-caret-down-wrapper\">\n\t\t\t\t<svg aria-hidden=\"true\" class=\"e-font-icon-svg e-eicon-caret-down\" viewBox=\"0 0 571.4 571.4\" xmlns=\"http:\/\/www.w3.org\/2000\/svg\"><path d=\"M571 393Q571 407 561 418L311 668Q300 679 286 679T261 668L11 418Q0 407 0 393T11 368 36 357H536Q550 357 561 368T571 393Z\"><\/path><\/svg>\t\t\t<\/div>\n\t\t\t<select name=\"form_fields[ArtDesTermins]\" id=\"form-field-ArtDesTermins\" class=\"elementor-field-textual elementor-size-sm\">\n\t\t\t\t\t\t\t\t\t<option value=\"Terminanfrage\">Terminanfrage<\/option>\n\t\t\t\t\t\t\t\t\t<option value=\"Allgemeine Anfrage\">Allgemeine Anfrage<\/option>\n\t\t\t\t\t\t\t\t\t<option value=\"Rezeptbestellung\">Rezeptbestellung<\/option>\n\t\t\t\t\t\t\t<\/select>\n\t\t<\/div>\n\t\t\t\t\t\t<\/div>\n\t\t\t\t\t\t\t\t<div class=\"elementor-field-type-text elementor-field-group elementor-column elementor-field-group-name elementor-col-100 elementor-field-required\">\n\t\t\t\t\t\t\t\t\t\t\t\t<label for=\"form-field-name\" class=\"elementor-field-label\">\n\t\t\t\t\t\t\t\tName\t\t\t\t\t\t\t<\/label>\n\t\t\t\t\t\t\t\t\t\t\t\t\t\t<input size=\"1\" type=\"text\" name=\"form_fields[name]\" id=\"form-field-name\" class=\"elementor-field elementor-size-sm  elementor-field-textual\" placeholder=\"Name\" required=\"required\">\n\t\t\t\t\t\t\t\t\t\t\t<\/div>\n\t\t\t\t\t\t\t\t<div class=\"elementor-field-type-email elementor-field-group elementor-column elementor-field-group-email elementor-col-100 elementor-field-required\">\n\t\t\t\t\t\t\t\t\t\t\t\t<label for=\"form-field-email\" class=\"elementor-field-label\">\n\t\t\t\t\t\t\t\tE-Mail\t\t\t\t\t\t\t<\/label>\n\t\t\t\t\t\t\t\t\t\t\t\t\t\t<input size=\"1\" type=\"email\" name=\"form_fields[email]\" id=\"form-field-email\" class=\"elementor-field elementor-size-sm  elementor-field-textual\" placeholder=\"E-Mail\" required=\"required\">\n\t\t\t\t\t\t\t\t\t\t\t<\/div>\n\t\t\t\t\t\t\t\t<div class=\"elementor-field-type-text elementor-field-group elementor-column elementor-field-group-field_169cd07 elementor-col-100\">\n\t\t\t\t\t\t\t\t\t\t\t\t<label for=\"form-field-field_169cd07\" class=\"elementor-field-label\">\n\t\t\t\t\t\t\t\tTelefonnummer\t\t\t\t\t\t\t<\/label>\n\t\t\t\t\t\t\t\t\t\t\t\t\t\t<input size=\"1\" type=\"text\" name=\"form_fields[field_169cd07]\" id=\"form-field-field_169cd07\" class=\"elementor-field elementor-size-sm  elementor-field-textual\" placeholder=\"Telefonnummer\">\n\t\t\t\t\t\t\t\t\t\t\t<\/div>\n\t\t\t\t\t\t\t\t<div class=\"elementor-field-type-textarea elementor-field-group elementor-column elementor-field-group-message elementor-col-100 elementor-field-required\">\n\t\t\t\t\t\t\t\t\t\t\t\t<label for=\"form-field-message\" class=\"elementor-field-label\">\n\t\t\t\t\t\t\t\tNachricht\t\t\t\t\t\t\t<\/label>\n\t\t\t\t\t\t<textarea class=\"elementor-field-textual elementor-field  elementor-size-sm\" name=\"form_fields[message]\" id=\"form-field-message\" rows=\"4\" placeholder=\"Nachricht\" required=\"required\"><\/textarea>\t\t\t\t<\/div>\n\t\t\t\t\t\t\t\t<div class=\"elementor-field-type-recaptcha_v3 elementor-field-group elementor-column elementor-field-group-field_9f091ad elementor-col-100 recaptcha_v3-bottomright\">\n\t\t\t\t\t<div class=\"elementor-field\" id=\"form-field-field_9f091ad\"><div class=\"elementor-g-recaptcha\" data-sitekey=\"6Lcxkh8nAAAAAIvPN3kP2paGLCMfim8qt8ypxP8I\" data-type=\"v3\" data-action=\"Form\" data-badge=\"bottomright\" data-size=\"invisible\"><\/div><\/div>\t\t\t\t<\/div>\n\t\t\t\t\t\t\t\t<div class=\"elementor-field-group elementor-column elementor-field-type-submit elementor-col-100 e-form__buttons\">\n\t\t\t\t\t<button class=\"elementor-button elementor-size-sm\" type=\"submit\">\n\t\t\t\t\t\t<span class=\"elementor-button-content-wrapper\">\n\t\t\t\t\t\t\t\t\t\t\t\t\t\t\t\t\t\t\t\t\t\t<span class=\"elementor-button-text\">Senden<\/span>\n\t\t\t\t\t\t\t\t\t\t\t\t\t<\/span>\n\t\t\t\t\t<\/button>\n\t\t\t\t<\/div>\n\t\t\t<\/div>\n\t\t<\/form>\n\t\t\t\t\t\t<\/div>\n\t\t\t\t<\/div>\n\t\t\t\t<\/div>\n\t\t\t\t\t<\/div>\n\t\t\t\t<\/div>\n\t\t\t\t<\/div>\n\t\t","protected":false},"excerpt":{"rendered":"<p>WE CARE FOR YOU Kontaktformular \u00d6ffnungszeiten:Mo, Di, Do, Fr: 8:00 \u2013 16:00 UhrMi: 8:00 \u2013 12:00 Uhr und nach Vereinbarung Nutzen Sie gerne unser Kontaktformular oder unsere E-Mail-Adresse um uns eine Nachricht zukommen zu lassen. Gerne erreichen Sie unsere Praxis ansonsten w\u00e4hrend der Sprechzeiten unter der \u00a0 +49 211 838 628 50. \u00a0 Au\u00dferdem k\u00f6nnen [&hellip;]<\/p>\n","protected":false},"author":1,"featured_media":0,"parent":0,"menu_order":0,"comment_status":"closed","ping_status":"closed","template":"","meta":{"site-sidebar-layout":"no-sidebar","site-content-layout":"page-builder","ast-site-content-layout":"default","site-content-style":"default","site-sidebar-style":"default","ast-global-header-display":"","ast-banner-title-visibility":"","ast-main-header-display":"","ast-hfb-above-header-display":"","ast-hfb-below-header-display":"","ast-hfb-mobile-header-display":"","site-post-title":"disabled","ast-breadcrumbs-content":"","ast-featured-img":"disabled","footer-sml-layout":"","ast-disable-related-posts":"","theme-transparent-header-meta":"enabled","adv-header-id-meta":"","stick-header-meta":"","header-above-stick-meta":"","header-main-stick-meta":"","header-below-stick-meta":"","astra-migrate-meta-layouts":"default","ast-page-background-enabled":"default","ast-page-background-meta":{"desktop":{"background-color":"var(--ast-global-color-4)","background-image":"","background-repeat":"repeat","background-position":"center center","background-size":"auto","background-attachment":"scroll","background-type":"","background-media":"","overlay-type":"","overlay-color":"","overlay-opacity":"","overlay-gradient":""},"tablet":{"background-color":"","background-image":"","background-repeat":"repeat","background-position":"center center","background-size":"auto","background-attachment":"scroll","background-type":"","background-media":"","overlay-type":"","overlay-color":"","overlay-opacity":"","overlay-gradient":""},"mobile":{"background-color":"","background-image":"","background-repeat":"repeat","background-position":"center center","background-size":"auto","background-attachment":"scroll","background-type":"","background-media":"","overlay-type":"","overlay-color":"","overlay-opacity":"","overlay-gradient":""}},"ast-content-background-meta":{"desktop":{"background-color":"var(--ast-global-color-5)","background-image":"","background-repeat":"repeat","background-position":"center center","background-size":"auto","background-attachment":"scroll","background-type":"","background-media":"","overlay-type":"","overlay-color":"","overlay-opacity":"","overlay-gradient":""},"tablet":{"background-color":"var(--ast-global-color-5)","background-image":"","background-repeat":"repeat","background-position":"center center","background-size":"auto","background-attachment":"scroll","background-type":"","background-media":"","overlay-type":"","overlay-color":"","overlay-opacity":"","overlay-gradient":""},"mobile":{"background-color":"var(--ast-global-color-5)","background-image":"","background-repeat":"repeat","background-position":"center center","background-size":"auto","background-attachment":"scroll","background-type":"","background-media":"","overlay-type":"","overlay-color":"","overlay-opacity":"","overlay-gradient":""}},"footnotes":""},"class_list":["post-1321","page","type-page","status-publish","hentry"],"yoast_head":"<!-- This site is optimized with the Yoast SEO Premium plugin v21.2 (Yoast SEO v27.4) - https:\/\/yoast.com\/product\/yoast-seo-premium-wordpress\/ -->\n<title>Kontakt - Kardiologische Privatpraxis - Prof. Nixdorff<\/title>\n<meta name=\"robots\" content=\"index, follow, max-snippet:-1, max-image-preview:large, max-video-preview:-1\" \/>\n<link rel=\"canonical\" href=\"https:\/\/kardiologie-nixdorff.de\/zh\/kontakt\/\" \/>\n<meta property=\"og:locale\" content=\"zh_CN\" \/>\n<meta property=\"og:type\" content=\"article\" \/>\n<meta property=\"og:title\" content=\"Kontakt\" \/>\n<meta property=\"og:description\" content=\"WE CARE FOR YOU Kontaktformular \u00d6ffnungszeiten:Mo, Di, Do, Fr: 8:00 \u2013 16:00 UhrMi: 8:00 \u2013 12:00 Uhr und nach Vereinbarung Nutzen Sie gerne unser Kontaktformular oder unsere E-Mail-Adresse um uns eine Nachricht zukommen zu lassen. Gerne erreichen Sie unsere Praxis ansonsten w\u00e4hrend der Sprechzeiten unter der \u00a0 +49 211 838 628 50. \u00a0 Au\u00dferdem k\u00f6nnen [&hellip;]\" \/>\n<meta property=\"og:url\" content=\"https:\/\/kardiologie-nixdorff.de\/zh\/kontakt\/\" \/>\n<meta property=\"og:site_name\" content=\"Kardiologische Privatpraxis - Prof. Nixdorff\" \/>\n<meta property=\"article:modified_time\" content=\"2025-10-04T15:50:57+00:00\" \/>\n<meta name=\"twitter:card\" content=\"summary_large_image\" \/>\n<meta name=\"twitter:label1\" content=\"\u9884\u8ba1\u9605\u8bfb\u65f6\u95f4\" \/>\n\t<meta name=\"twitter:data1\" content=\"1 minute\" \/>\n<script type=\"application\/ld+json\" class=\"yoast-schema-graph\">{\"@context\":\"https:\\\/\\\/schema.org\",\"@graph\":[{\"@type\":\"WebPage\",\"@id\":\"https:\\\/\\\/kardiologie-nixdorff.de\\\/kontakt\\\/\",\"url\":\"https:\\\/\\\/kardiologie-nixdorff.de\\\/kontakt\\\/\",\"name\":\"Kontakt - Kardiologische Privatpraxis - Prof. Nixdorff\",\"isPartOf\":{\"@id\":\"https:\\\/\\\/kardiologie-nixdorff.de\\\/#website\"},\"datePublished\":\"2021-11-21T15:14:44+00:00\",\"dateModified\":\"2025-10-04T15:50:57+00:00\",\"breadcrumb\":{\"@id\":\"https:\\\/\\\/kardiologie-nixdorff.de\\\/kontakt\\\/#breadcrumb\"},\"inLanguage\":\"zh-CN\",\"potentialAction\":[{\"@type\":\"ReadAction\",\"target\":[\"https:\\\/\\\/kardiologie-nixdorff.de\\\/kontakt\\\/\"]}]},{\"@type\":\"BreadcrumbList\",\"@id\":\"https:\\\/\\\/kardiologie-nixdorff.de\\\/kontakt\\\/#breadcrumb\",\"itemListElement\":[{\"@type\":\"ListItem\",\"position\":1,\"name\":\"Home\",\"item\":\"https:\\\/\\\/kardiologie-nixdorff.de\\\/\"},{\"@type\":\"ListItem\",\"position\":2,\"name\":\"Kontakt\"}]},{\"@type\":\"WebSite\",\"@id\":\"https:\\\/\\\/kardiologie-nixdorff.de\\\/#website\",\"url\":\"https:\\\/\\\/kardiologie-nixdorff.de\\\/\",\"name\":\"Kardiologische Privatpraxis - Prof. Nixdorff\",\"description\":\"Die Kardiologische Privatpraxis Nixdorff &amp; Vester in D&uuml;sseldorf bietet spezialisierte kardiologische Behandlungen mit einem ganzheitlichen Ansatz. Geleitet von den erfahrenen Kardiologen Prof. Dr. med. Uwe Nixdorff und Prof. Dr. med. Ernst G. Vester, verbindet die Praxis pr&auml;ventive und interventionelle Medizin. Das Team bietet individuelle Diagnostik und Betreuung f&uuml;r Herzgesundheit, von Erstuntersuchungen bis zu komplexen F&auml;llen. Patienten profitieren zudem von der Anbindung an das European Prevention Center f&uuml;r umfassende Gesundheits-Check-ups. Die Praxis ist nur f&uuml;r privat versicherte Patienten oder Selbstzahler zug&auml;nglich.\",\"publisher\":{\"@id\":\"https:\\\/\\\/kardiologie-nixdorff.de\\\/#organization\"},\"alternateName\":\"Kardiologie D\u00fcsseldorf\",\"potentialAction\":[{\"@type\":\"SearchAction\",\"target\":{\"@type\":\"EntryPoint\",\"urlTemplate\":\"https:\\\/\\\/kardiologie-nixdorff.de\\\/?s={search_term_string}\"},\"query-input\":{\"@type\":\"PropertyValueSpecification\",\"valueRequired\":true,\"valueName\":\"search_term_string\"}}],\"inLanguage\":\"zh-CN\"},{\"@type\":\"Organization\",\"@id\":\"https:\\\/\\\/kardiologie-nixdorff.de\\\/#organization\",\"name\":\"Kardiologische Privatpraxis - Prof. Nixdorff\",\"url\":\"https:\\\/\\\/kardiologie-nixdorff.de\\\/\",\"logo\":{\"@type\":\"ImageObject\",\"inLanguage\":\"zh-CN\",\"@id\":\"https:\\\/\\\/kardiologie-nixdorff.de\\\/#\\\/schema\\\/logo\\\/image\\\/\",\"url\":\"https:\\\/\\\/kardiologie-nixdorff.de\\\/wp-content\\\/uploads\\\/2025\\\/10\\\/cropped-Logo_Kardiologie.jpg\",\"contentUrl\":\"https:\\\/\\\/kardiologie-nixdorff.de\\\/wp-content\\\/uploads\\\/2025\\\/10\\\/cropped-Logo_Kardiologie.jpg\",\"width\":512,\"height\":512,\"caption\":\"Kardiologische Privatpraxis - Prof. Nixdorff\"},\"image\":{\"@id\":\"https:\\\/\\\/kardiologie-nixdorff.de\\\/#\\\/schema\\\/logo\\\/image\\\/\"}}]}<\/script>\n<!-- \/ Yoast SEO Premium plugin. -->","yoast_head_json":{"title":"\u8054\u7cfb\u65b9\u5f0f\u2014\u2014\u5fc3\u810f\u75c5\u5b66\u79c1\u4eba\u8bca\u6240\u2014\u2014Nixdorff \u6559\u6388","robots":{"index":"index","follow":"follow","max-snippet":"max-snippet:-1","max-image-preview":"max-image-preview:large","max-video-preview":"max-video-preview:-1"},"canonical":"https:\/\/kardiologie-nixdorff.de\/zh\/kontakt\/","og_locale":"zh_CN","og_type":"article","og_title":"Kontakt","og_description":"WE CARE FOR YOU Kontaktformular \u00d6ffnungszeiten:Mo, Di, Do, Fr: 8:00 \u2013 16:00 UhrMi: 8:00 \u2013 12:00 Uhr und nach Vereinbarung Nutzen Sie gerne unser Kontaktformular oder unsere E-Mail-Adresse um uns eine Nachricht zukommen zu lassen. Gerne erreichen Sie unsere Praxis ansonsten w\u00e4hrend der Sprechzeiten unter der \u00a0 +49 211 838 628 50. \u00a0 Au\u00dferdem k\u00f6nnen [&hellip;]","og_url":"https:\/\/kardiologie-nixdorff.de\/zh\/kontakt\/","og_site_name":"Kardiologische Privatpraxis - Prof. Nixdorff","article_modified_time":"2025-10-04T15:50:57+00:00","twitter_card":"summary_large_image","twitter_misc":{"\u9884\u8ba1\u9605\u8bfb\u65f6\u95f4":"1 minute"},"schema":{"@context":"https:\/\/schema.org","@graph":[{"@type":"WebPage","@id":"https:\/\/kardiologie-nixdorff.de\/kontakt\/","url":"https:\/\/kardiologie-nixdorff.de\/kontakt\/","name":"\u8054\u7cfb\u65b9\u5f0f\u2014\u2014\u5fc3\u810f\u75c5\u5b66\u79c1\u4eba\u8bca\u6240\u2014\u2014Nixdorff \u6559\u6388","isPartOf":{"@id":"https:\/\/kardiologie-nixdorff.de\/#website"},"datePublished":"2021-11-21T15:14:44+00:00","dateModified":"2025-10-04T15:50:57+00:00","breadcrumb":{"@id":"https:\/\/kardiologie-nixdorff.de\/kontakt\/#breadcrumb"},"inLanguage":"zh-CN","potentialAction":[{"@type":"ReadAction","target":["https:\/\/kardiologie-nixdorff.de\/kontakt\/"]}]},{"@type":"BreadcrumbList","@id":"https:\/\/kardiologie-nixdorff.de\/kontakt\/#breadcrumb","itemListElement":[{"@type":"ListItem","position":1,"name":"Home","item":"https:\/\/kardiologie-nixdorff.de\/"},{"@type":"ListItem","position":2,"name":"Kontakt"}]},{"@type":"WebSite","@id":"https:\/\/kardiologie-nixdorff.de\/#website","url":"https:\/\/kardiologie-nixdorff.de\/","name":"\u5fc3\u810f\u75c5\u79c1\u4eba\u8bca\u6240 - Nixdorff \u6559\u6388","description":"\u4f4d\u4e8e\u675c\u585e\u5c14\u591a\u592b\u7684 Nixdorff &amp; Vester \u5fc3\u810f\u75c5\u79c1\u4eba\u8bca\u6240\u4ee5\u5168\u9762\u7684\u65b9\u6cd5\u63d0\u4f9b\u4e13\u4e1a\u7684\u5fc3\u810f\u75c5\u6cbb\u7597\u3002\u5728\u7ecf\u9a8c\u4e30\u5bcc\u7684\u5fc3\u810f\u75c5\u4e13\u5bb6 Uwe Nixdorff \u6559\u6388\u548c Ernst G. Vester \u6559\u6388\u7684\u9886\u5bfc\u4e0b\uff0c\u8be5\u8bca\u6240\u5c06\u9884\u9632\u533b\u5b66\u548c\u4ecb\u5165\u533b\u5b66\u76f8\u7ed3\u5408\u3002\u4ece\u521d\u6b65\u68c0\u67e5\u5230\u590d\u6742\u75c5\u4f8b\uff0c\u8be5\u56e2\u961f\u4e3a\u5fc3\u810f\u5065\u5eb7\u63d0\u4f9b\u4e2a\u6027\u5316\u8bca\u65ad\u548c\u62a4\u7406\u3002\u60a3\u8005\u8fd8\u53ef\u4ee5\u901a\u8fc7\u4e0e\u6b27\u6d32\u9884\u9632\u4e2d\u5fc3\u7684\u8054\u7cfb\uff0c\u8fdb\u884c\u5168\u9762\u7684\u5065\u5eb7\u68c0\u67e5\u3002\u8be5\u8bca\u6240\u53ea\u5bf9\u79c1\u4eba\u4fdd\u9669\u60a3\u8005\u6216\u81ea\u8d39\u60a3\u8005\u5f00\u653e\u3002","publisher":{"@id":"https:\/\/kardiologie-nixdorff.de\/#organization"},"alternateName":"Kardiologie D\u00fcsseldorf","potentialAction":[{"@type":"SearchAction","target":{"@type":"EntryPoint","urlTemplate":"https:\/\/kardiologie-nixdorff.de\/?s={search_term_string}"},"query-input":{"@type":"PropertyValueSpecification","valueRequired":true,"valueName":"search_term_string"}}],"inLanguage":"zh-CN"},{"@type":"Organization","@id":"https:\/\/kardiologie-nixdorff.de\/#organization","name":"\u5fc3\u810f\u75c5\u79c1\u4eba\u8bca\u6240 - Nixdorff \u6559\u6388","url":"https:\/\/kardiologie-nixdorff.de\/","logo":{"@type":"ImageObject","inLanguage":"zh-CN","@id":"https:\/\/kardiologie-nixdorff.de\/#\/schema\/logo\/image\/","url":"https:\/\/kardiologie-nixdorff.de\/wp-content\/uploads\/2025\/10\/cropped-Logo_Kardiologie.jpg","contentUrl":"https:\/\/kardiologie-nixdorff.de\/wp-content\/uploads\/2025\/10\/cropped-Logo_Kardiologie.jpg","width":512,"height":512,"caption":"Kardiologische Privatpraxis - Prof. Nixdorff"},"image":{"@id":"https:\/\/kardiologie-nixdorff.de\/#\/schema\/logo\/image\/"}}]}},"_links":{"self":[{"href":"http:\/\/kardiologie-nixdorff.de\/zh\/wp-json\/wp\/v2\/pages\/1321","targetHints":{"allow":["GET"]}}],"collection":[{"href":"http:\/\/kardiologie-nixdorff.de\/zh\/wp-json\/wp\/v2\/pages"}],"about":[{"href":"http:\/\/kardiologie-nixdorff.de\/zh\/wp-json\/wp\/v2\/types\/page"}],"author":[{"embeddable":true,"href":"http:\/\/kardiologie-nixdorff.de\/zh\/wp-json\/wp\/v2\/users\/1"}],"replies":[{"embeddable":true,"href":"http:\/\/kardiologie-nixdorff.de\/zh\/wp-json\/wp\/v2\/comments?post=1321"}],"version-history":[{"count":87,"href":"http:\/\/kardiologie-nixdorff.de\/zh\/wp-json\/wp\/v2\/pages\/1321\/revisions"}],"predecessor-version":[{"id":3538,"href":"http:\/\/kardiologie-nixdorff.de\/zh\/wp-json\/wp\/v2\/pages\/1321\/revisions\/3538"}],"wp:attachment":[{"href":"http:\/\/kardiologie-nixdorff.de\/zh\/wp-json\/wp\/v2\/media?parent=1321"}],"curies":[{"name":"wp","href":"https:\/\/api.w.org\/{rel}","templated":true}]}}