{"id":1716,"date":"2023-07-12T08:42:56","date_gmt":"2023-07-12T08:42:56","guid":{"rendered":"http:\/\/preview.kardiologie-nixdorff-vester.de\/?page_id=1716"},"modified":"2023-07-31T13:48:12","modified_gmt":"2023-07-31T13:48:12","slug":"impressum","status":"publish","type":"page","link":"http:\/\/kardiologie-nixdorff.de\/zh\/impressum\/","title":{"rendered":"\u7248\u672c\u8bf4\u660e"},"content":{"rendered":"<div data-elementor-type=\"wp-page\" data-elementor-id=\"1716\" class=\"elementor elementor-1716\" data-elementor-post-type=\"page\">\n\t\t\t\t<div class=\"elementor-element elementor-element-dc5e3c3 e-flex e-con-boxed e-con e-parent\" data-id=\"dc5e3c3\" data-element_type=\"container\" data-e-type=\"container\">\n\t\t\t\t\t<div class=\"e-con-inner\">\n\t\t\t\t<div class=\"elementor-element elementor-element-f9bc193 elementor-widget elementor-widget-heading\" data-id=\"f9bc193\" data-element_type=\"widget\" data-e-type=\"widget\" data-widget_type=\"heading.default\">\n\t\t\t\t<div class=\"elementor-widget-container\">\n\t\t\t\t\t<h2 class=\"elementor-heading-title elementor-size-default\">\u7248\u672c\u8bf4\u660e<\/h2>\t\t\t\t<\/div>\n\t\t\t\t<\/div>\n\t\t\t\t<div class=\"elementor-element elementor-element-79a2e55 elementor-widget elementor-widget-text-editor\" data-id=\"79a2e55\" data-element_type=\"widget\" data-e-type=\"widget\" data-widget_type=\"text-editor.default\">\n\t\t\t\t<div class=\"elementor-widget-container\">\n\t\t\t\t\t\t\t\t\t<p>\u6839\u636e\u300a\u7535\u4fe1\u5a92\u4f53\u6cd5\u300b\u7b2c 5 \u6761<\/p><p>\u00a0<\/p><p>\u516c\u53f8\u540d\u79f0\u548c\u5730\u5740\uff1a<\/p><p>Uwe Nixdorff \u535a\u58eb\u6559\u6388<br \/>\u5185\u79d1\u533b\u751f\u3001\u5fc3\u810f\u79d1\u533b\u751f\u3001\u8fd0\u52a8\u79d1\u533b\u751f<br \/>\u6b27\u6d32\u5fc3\u810f\u75c5\u4e13\u5bb6<br \/>\u4f53\u80fd\u4e13\u5bb6<br \/>(\u5e93\u73c0\u7814\u7a76\u6240\uff0c\u7f8e\u56fd\u5fb7\u514b\u8428\u65af\u5dde\u8fbe\u62c9\u65af\u5e02\uff09<\/p><p>\u8def\u6613\u65af-\u96f7\u7eb3\u5927\u8857 6-10 \u53f7<br \/>40235 \u675c\u585e\u5c14\u591a\u592b<br \/>\u5fb7\u56fd<br \/>\u7535\u8bdd\uff1a0211 838 628 50<\/p><p>\u00a0<\/p><p>\u603b\u7ecf\u7406\uff1a\u4e4c\u97e6-\u5c3c\u514b\u65af\u591a\u592b\u535a\u58eb\u6559\u6388<br \/>\u516c\u53f8\u6ce8\u518c\u5730\uff1a\u675c\u585e\u5c14\u591a\u592b<br \/>\u5546\u4e1a\u767b\u8bb0\uff1aHRB 72849<br \/>\u589e\u503c\u7a0e\u53f7\uff1aDE 256047729<\/p><p>\u00a0<\/p><p>\u5c3c\u514b\u65af\u591a\u592b\u6559\u6388\u6309\u7167\u5317\u83b1\u8335\u533b\u5b66\u534f\u4f1a\u7684\u4e13\u4e1a\u884c\u4e3a\u51c6\u5219\u4ece\u4e8b\u5176\u4e13\u4e1a\u5de5\u4f5c\uff1b\u4ed6\u662f\u5317\u83b1\u8335\u533b\u5b66\u534f\u4f1a\u7684\u4f1a\u5458\u3002\u4ed6\u7684\u4e13\u4e1a\u548c\u4e13\u5bb6\u5934\u8854\u6e90\u81ea\u5fb7\u56fd\u3002<\/p><p style=\"margin-bottom: 24px; font-size: 14px; line-height: 22px; color: #222222; font-family: Lato, sans-serif; font-style: normal; font-weight: 400;\">\u00a0<\/p><div style=\"flex-basis: var(--flex-basis); flex-grow: var(--flex-grow); flex-shrink: var(--flex-shrink); order: var(--order); align-self: var(--align-self); flex-direction: var(--flex-direction); flex-wrap: var(--flex-wrap); justify-content: var(--justify-content); align-items: var(--align-items); align-content: var(--align-content); gap: var(--gap); --swiper-theme-color: #000; --swiper-navigation-size: 44px; --swiper-pagination-bullet-size: 6px; --swiper-pagination-bullet-horizontal-gap: 6px; --widgets-spacing: 20px;\" data-id=\"a3aa7d8\" data-element_type=\"widget\" data-widget_type=\"heading.default\"><div style=\"transition: background .3s,border .3s,border-radius .3s,box-shadow .3s,transform var(--e-transform-transition-duration,.4s);\"><h2>\u514d\u8d23\u58f0\u660e<\/h2><\/div><\/div><div style=\"flex-basis: var(--flex-basis); flex-grow: var(--flex-grow); flex-shrink: var(--flex-shrink); order: var(--order); align-self: var(--align-self); flex-direction: var(--flex-direction); flex-wrap: var(--flex-wrap); justify-content: var(--justify-content); align-items: var(--align-items); align-content: var(--align-content); gap: var(--gap); --swiper-theme-color: #000; --swiper-navigation-size: 44px; --swiper-pagination-bullet-size: 6px; --swiper-pagination-bullet-horizontal-gap: 6px; --widgets-spacing: 20px;\" data-id=\"78bfabe\" data-element_type=\"widget\" data-widget_type=\"text-editor.default\"><div style=\"transition: background .3s,border .3s,border-radius .3s,box-shadow .3s,transform var(--e-transform-transition-duration,.4s);\"><div><ol style=\"font-size: 16px;\"><li style=\"font-size: 16px;\"><h3>\u8d23\u4efb\u9650\u5236<\/h3><p style=\"font-size: 16px;\">\u672c\u7f51\u7ad9\u7684\u5185\u5bb9\u662f\u5728\u5c3d\u53ef\u80fd\u8c28\u614e\u7684\u60c5\u51b5\u4e0b\u521b\u5efa\u7684\u3002\u4f46\u662f\uff0c\u63d0\u4f9b\u8005\u5bf9\u6240\u63d0\u4f9b\u5185\u5bb9\u7684\u51c6\u786e\u6027\u3001\u5b8c\u6574\u6027\u548c\u6700\u65b0\u6027\u4e0d\u627f\u62c5\u4efb\u4f55\u8d23\u4efb\u3002\u4f7f\u7528\u672c\u7f51\u7ad9\u5185\u5bb9\u7684\u98ce\u9669\u7531\u7528\u6237\u81ea\u884c\u627f\u62c5\u3002\u4ee5\u59d3\u540d\u6807\u660e\u7684\u5185\u5bb9\u4ec5\u4ee3\u8868\u4f5c\u8005\u7684\u89c2\u70b9\uff0c\u5e76\u4e0d\u603b\u662f\u63d0\u4f9b\u8005\u7684\u89c2\u70b9\u3002\u4ec5\u4f7f\u7528\u63d0\u4f9b\u65b9\u7f51\u7ad9\u5e76\u4e0d\u6784\u6210\u7528\u6237\u4e0e\u63d0\u4f9b\u65b9\u4e4b\u95f4\u7684\u4efb\u4f55\u5408\u540c\u5173\u7cfb\u3002<\/p><\/li><li style=\"font-size: 16px;\"><h3>\u5916\u90e8\u94fe\u63a5<\/h3><p style=\"font-size: 16px;\">\u672c\u7f51\u7ad9\u5305\u542b\u4e0e\u7b2c\u4e09\u65b9\u7f51\u7ad9\u7684\u94fe\u63a5\uff08\"\u5916\u90e8\u94fe\u63a5\"\uff09\u3002\u8fd9\u4e9b\u7f51\u7ad9\u7531\u5404\u81ea\u7684\u8fd0\u8425\u5546\u8d1f\u8d23\u3002\u5728\u9996\u6b21\u521b\u5efa\u5916\u90e8\u94fe\u63a5\u65f6\uff0c\u63d0\u4f9b\u8005\u68c0\u67e5\u4e86\u5916\u90e8\u5185\u5bb9\u662f\u5426\u6709\u4efb\u4f55\u8fdd\u6cd5\u884c\u4e3a\u3002\u5f53\u65f6\u672a\u53d1\u73b0\u4efb\u4f55\u8fdd\u6cd5\u884c\u4e3a\u3002\u672c\u7f51\u9875\u63d0\u4f9b\u8005\u5bf9\u94fe\u63a5\u7f51\u9875\u5f53\u524d\u548c\u672a\u6765\u7684\u8bbe\u8ba1\u548c\u5185\u5bb9\u6ca1\u6709\u4efb\u4f55\u5f71\u54cd\u3002\u5305\u542b\u5916\u90e8\u94fe\u63a5\u5e76\u4e0d\u610f\u5473\u7740\u63d0\u4f9b\u65b9\u5c06\u5f15\u7528\u6216\u94fe\u63a5\u80cc\u540e\u7684\u5185\u5bb9\u89c6\u4e3a\u81ea\u5df1\u7684\u5185\u5bb9\u3002\u5728\u6ca1\u6709\u5177\u4f53\u8fdd\u6cd5\u8ff9\u8c61\u7684\u60c5\u51b5\u4e0b\uff0c\u63d0\u4f9b\u65b9\u5bf9\u8fd9\u4e9b\u5916\u90e8\u94fe\u63a5\u8fdb\u884c\u6301\u7eed\u76d1\u63a7\u662f\u4e0d\u5408\u7406\u7684\u3002\u4f46\u662f\uff0c\u5982\u679c\u53d1\u73b0\u6709\u8fdd\u6cd5\u884c\u4e3a\uff0c\u8fd9\u4e9b\u5916\u90e8\u94fe\u63a5\u5c06\u88ab\u7acb\u5373\u5220\u9664\u3002<\/p><\/li><li style=\"font-size: 16px;\"><h3>\u7248\u6743\u548c\u90bb\u63a5\u6743<\/h3><p style=\"font-size: 16px;\">\u672c\u7f51\u7ad9\u53d1\u5e03\u7684\u5185\u5bb9\u53d7\u5fb7\u56fd\u7248\u6743\u6cd5\u53ca\u5176\u9644\u5c5e\u7248\u6743\u6cd5\u7684\u4fdd\u62a4\u3002\u4efb\u4f55\u672a\u7ecf\u5fb7\u56fd\u7248\u6743\u6cd5\u53ca\u5176\u9644\u5c5e\u7248\u6743\u6cd5\u5141\u8bb8\u7684\u4f7f\u7528\u5747\u987b\u4e8b\u5148\u83b7\u5f97\u63d0\u4f9b\u8005\u6216\u76f8\u5173\u6743\u5229\u4eba\u7684\u4e66\u9762\u540c\u610f\u3002\u8fd9\u5c24\u5176\u9002\u7528\u4e8e\u6570\u636e\u5e93\u6216\u5176\u4ed6\u7535\u5b50\u5a92\u4f53\u548c\u7cfb\u7edf\u4e2d\u5185\u5bb9\u7684\u590d\u5236\u3001\u7f16\u8f91\u3001\u7ffb\u8bd1\u3001\u5b58\u50a8\u3001\u5904\u7406\u6216\u518d\u73b0\u3002\u7b2c\u4e09\u65b9\u5185\u5bb9\u548c\u6743\u5229\u5747\u5df2\u6807\u660e\u3002\u672a\u7ecf\u6388\u6743\u4e0d\u5f97\u590d\u5236\u6216\u4f20\u64ad\u4e2a\u522b\u5185\u5bb9\u6216\u5b8c\u6574\u9875\u9762\uff0c\u5426\u5219\u5c06\u53d7\u5230\u6cd5\u5f8b\u5236\u88c1\u3002\u53ea\u5141\u8bb8\u4e3a\u4e2a\u4eba\u3001\u79c1\u4eba\u548c\u975e\u5546\u4e1a\u7528\u9014\u5236\u4f5c\u526f\u672c\u548c\u4e0b\u8f7d\u3002\u53ea\u6709\u5728\u83b7\u5f97\u4e66\u9762\u8bb8\u53ef\u7684\u60c5\u51b5\u4e0b\uff0c\u65b9\u53ef\u5728\u5916\u90e8\u6846\u67b6\u4e2d\u663e\u793a\u672c\u7f51\u7ad9\u3002<\/p><\/li><li style=\"font-size: 16px;\"><h3>\u7279\u6b8a\u4f7f\u7528\u6761\u6b3e<\/h3><p style=\"font-size: 16px;\">\u5982\u679c\u4e2a\u522b\u4f7f\u7528\u672c\u7f51\u7ad9\u7684\u7279\u6b8a\u6761\u4ef6\u4e0e\u4e0a\u8ff0\u7b2c 1 \u81f3\u7b2c 4 \u6761\u6709\u51fa\u5165\uff0c\u5c06\u5728\u9002\u5f53\u4f4d\u7f6e\u660e\u786e\u8bf4\u660e\u3002\u5728\u8fd9\u79cd\u60c5\u51b5\u4e0b\uff0c\u7279\u6b8a\u4f7f\u7528\u6761\u6b3e\u5c06\u9002\u7528\u4e8e\u4e2a\u522b\u60c5\u51b5\u3002<\/p><p style=\"font-size: 16px;\">\u6765\u6e90\uff1a www.Juraforum.de - \u63d0\u4f9b\u5f8b\u5e08\u641c\u7d22\u7684\u6cd5\u5f8b\u95e8\u6237\u7f51\u7ad9<\/p><\/li><\/ol><\/div><\/div><\/div><p style=\"margin-bottom: 24px; font-size: 14px; line-height: 22px; color: #222222; font-family: Lato, sans-serif; font-style: normal; font-weight: 400;\">\u8d23\u4efb\u58f0\u660e\uff1a\u5c3d\u7ba1\u6211\u4eec\u5bf9\u5185\u5bb9\u8fdb\u884c\u4e86\u4e25\u683c\u63a7\u5236\uff0c\u4f46\u6211\u4eec\u5bf9\u5916\u90e8\u94fe\u63a5\u7684\u5185\u5bb9\u4e0d\u627f\u62c5\u4efb\u4f55\u8d23\u4efb\u3002\u94fe\u63a5\u7f51\u9875\u7684\u5185\u5bb9\u5b8c\u5168\u7531\u5176\u8fd0\u8425\u5546\u8d1f\u8d23\u3002<\/p><p>\u00a0<\/p><p>\u00a0<\/p>\t\t\t\t\t\t\t\t<\/div>\n\t\t\t\t<\/div>\n\t\t\t\t\t<\/div>\n\t\t\t\t<\/div>\n\t\t\t\t<\/div>","protected":false},"excerpt":{"rendered":"<p>Impressum gem\u00e4\u00df \u00a7 5 Telemediengesetz Name und Anschrift der Gesellschaft: Prof. Dr. med. Uwe Nixdorff Internist, Kardiologe, Sportmediziner European Cardiologist Physical Fitness Specialist (Cooper Institute, Dallas\/Texas, USA) Luise-Rainer-Stra\u00dfe 6-10 40235 D\u00fcsseldorf Deutschland Tel: 0211 838 628 50 Gesch\u00e4ftsf\u00fchrer: Prof. Dr. Uwe Nixdorff Sitz der Gesellschaft: D\u00fcsseldorf Handelsregister: HRB 72849 USt-Id.-Nr.: DE 256047729 Prof. Nixdorff \u00fcber [&hellip;]<\/p>\n","protected":false},"author":1,"featured_media":0,"parent":0,"menu_order":0,"comment_status":"closed","ping_status":"closed","template":"","meta":{"site-sidebar-layout":"no-sidebar","site-content-layout":"page-builder","ast-site-content-layout":"default","site-content-style":"default","site-sidebar-style":"default","ast-global-header-display":"","ast-banner-title-visibility":"","ast-main-header-display":"","ast-hfb-above-header-display":"","ast-hfb-below-header-display":"","ast-hfb-mobile-header-display":"","site-post-title":"disabled","ast-breadcrumbs-content":"","ast-featured-img":"disabled","footer-sml-layout":"","ast-disable-related-posts":"","theme-transparent-header-meta":"","adv-header-id-meta":"","stick-header-meta":"","header-above-stick-meta":"","header-main-stick-meta":"","header-below-stick-meta":"","astra-migrate-meta-layouts":"default","ast-page-background-enabled":"default","ast-page-background-meta":{"desktop":{"background-color":"var(--ast-global-color-4)","background-image":"","background-repeat":"repeat","background-position":"center center","background-size":"auto","background-attachment":"scroll","background-type":"","background-media":"","overlay-type":"","overlay-color":"","overlay-opacity":"","overlay-gradient":""},"tablet":{"background-color":"","background-image":"","background-repeat":"repeat","background-position":"center center","background-size":"auto","background-attachment":"scroll","background-type":"","background-media":"","overlay-type":"","overlay-color":"","overlay-opacity":"","overlay-gradient":""},"mobile":{"background-color":"","background-image":"","background-repeat":"repeat","background-position":"center center","background-size":"auto","background-attachment":"scroll","background-type":"","background-media":"","overlay-type":"","overlay-color":"","overlay-opacity":"","overlay-gradient":""}},"ast-content-background-meta":{"desktop":{"background-color":"var(--ast-global-color-5)","background-image":"","background-repeat":"repeat","background-position":"center center","background-size":"auto","background-attachment":"scroll","background-type":"","background-media":"","overlay-type":"","overlay-color":"","overlay-opacity":"","overlay-gradient":""},"tablet":{"background-color":"var(--ast-global-color-5)","background-image":"","background-repeat":"repeat","background-position":"center center","background-size":"auto","background-attachment":"scroll","background-type":"","background-media":"","overlay-type":"","overlay-color":"","overlay-opacity":"","overlay-gradient":""},"mobile":{"background-color":"var(--ast-global-color-5)","background-image":"","background-repeat":"repeat","background-position":"center center","background-size":"auto","background-attachment":"scroll","background-type":"","background-media":"","overlay-type":"","overlay-color":"","overlay-opacity":"","overlay-gradient":""}},"footnotes":""},"class_list":["post-1716","page","type-page","status-publish","hentry"],"yoast_head":"<!-- This site is optimized with the Yoast SEO Premium plugin v21.2 (Yoast SEO v27.4) - https:\/\/yoast.com\/product\/yoast-seo-premium-wordpress\/ -->\n<title>Impressum - Kardiologische Privatpraxis - Prof. Nixdorff<\/title>\n<meta name=\"robots\" content=\"index, follow, max-snippet:-1, max-image-preview:large, max-video-preview:-1\" \/>\n<link rel=\"canonical\" href=\"https:\/\/kardiologie-nixdorff.de\/zh\/impressum\/\" \/>\n<meta property=\"og:locale\" content=\"zh_CN\" \/>\n<meta property=\"og:type\" content=\"article\" \/>\n<meta property=\"og:title\" content=\"Impressum\" \/>\n<meta property=\"og:description\" content=\"Impressum gem\u00e4\u00df \u00a7 5 Telemediengesetz Name und Anschrift der Gesellschaft: Prof. Dr. med. Uwe Nixdorff Internist, Kardiologe, Sportmediziner European Cardiologist Physical Fitness Specialist (Cooper Institute, Dallas\/Texas, USA) Luise-Rainer-Stra\u00dfe 6-10 40235 D\u00fcsseldorf Deutschland Tel: 0211 838 628 50 Gesch\u00e4ftsf\u00fchrer: Prof. Dr. Uwe Nixdorff Sitz der Gesellschaft: D\u00fcsseldorf Handelsregister: HRB 72849 USt-Id.-Nr.: DE 256047729 Prof. Nixdorff \u00fcber [&hellip;]\" \/>\n<meta property=\"og:url\" content=\"https:\/\/kardiologie-nixdorff.de\/zh\/impressum\/\" \/>\n<meta property=\"og:site_name\" content=\"Kardiologische Privatpraxis - Prof. Nixdorff\" \/>\n<meta property=\"article:modified_time\" content=\"2023-07-31T13:48:12+00:00\" \/>\n<meta name=\"twitter:card\" content=\"summary_large_image\" \/>\n<meta name=\"twitter:label1\" content=\"\u9884\u8ba1\u9605\u8bfb\u65f6\u95f4\" \/>\n\t<meta name=\"twitter:data1\" content=\"2 minutes\" \/>\n<script type=\"application\/ld+json\" class=\"yoast-schema-graph\">{\"@context\":\"https:\\\/\\\/schema.org\",\"@graph\":[{\"@type\":\"WebPage\",\"@id\":\"https:\\\/\\\/kardiologie-nixdorff.de\\\/impressum\\\/\",\"url\":\"https:\\\/\\\/kardiologie-nixdorff.de\\\/impressum\\\/\",\"name\":\"Impressum - Kardiologische Privatpraxis - Prof. Nixdorff\",\"isPartOf\":{\"@id\":\"https:\\\/\\\/kardiologie-nixdorff.de\\\/#website\"},\"datePublished\":\"2023-07-12T08:42:56+00:00\",\"dateModified\":\"2023-07-31T13:48:12+00:00\",\"breadcrumb\":{\"@id\":\"https:\\\/\\\/kardiologie-nixdorff.de\\\/impressum\\\/#breadcrumb\"},\"inLanguage\":\"zh-CN\",\"potentialAction\":[{\"@type\":\"ReadAction\",\"target\":[\"https:\\\/\\\/kardiologie-nixdorff.de\\\/impressum\\\/\"]}]},{\"@type\":\"BreadcrumbList\",\"@id\":\"https:\\\/\\\/kardiologie-nixdorff.de\\\/impressum\\\/#breadcrumb\",\"itemListElement\":[{\"@type\":\"ListItem\",\"position\":1,\"name\":\"Home\",\"item\":\"https:\\\/\\\/kardiologie-nixdorff.de\\\/\"},{\"@type\":\"ListItem\",\"position\":2,\"name\":\"Impressum\"}]},{\"@type\":\"WebSite\",\"@id\":\"https:\\\/\\\/kardiologie-nixdorff.de\\\/#website\",\"url\":\"https:\\\/\\\/kardiologie-nixdorff.de\\\/\",\"name\":\"Kardiologische Privatpraxis - Prof. Nixdorff\",\"description\":\"Die Kardiologische Privatpraxis Nixdorff &amp; Vester in D&uuml;sseldorf bietet spezialisierte kardiologische Behandlungen mit einem ganzheitlichen Ansatz. Geleitet von den erfahrenen Kardiologen Prof. Dr. med. Uwe Nixdorff und Prof. Dr. med. Ernst G. Vester, verbindet die Praxis pr&auml;ventive und interventionelle Medizin. Das Team bietet individuelle Diagnostik und Betreuung f&uuml;r Herzgesundheit, von Erstuntersuchungen bis zu komplexen F&auml;llen. Patienten profitieren zudem von der Anbindung an das European Prevention Center f&uuml;r umfassende Gesundheits-Check-ups. Die Praxis ist nur f&uuml;r privat versicherte Patienten oder Selbstzahler zug&auml;nglich.\",\"publisher\":{\"@id\":\"https:\\\/\\\/kardiologie-nixdorff.de\\\/#organization\"},\"alternateName\":\"Kardiologie D\u00fcsseldorf\",\"potentialAction\":[{\"@type\":\"SearchAction\",\"target\":{\"@type\":\"EntryPoint\",\"urlTemplate\":\"https:\\\/\\\/kardiologie-nixdorff.de\\\/?s={search_term_string}\"},\"query-input\":{\"@type\":\"PropertyValueSpecification\",\"valueRequired\":true,\"valueName\":\"search_term_string\"}}],\"inLanguage\":\"zh-CN\"},{\"@type\":\"Organization\",\"@id\":\"https:\\\/\\\/kardiologie-nixdorff.de\\\/#organization\",\"name\":\"Kardiologische Privatpraxis - Prof. Nixdorff\",\"url\":\"https:\\\/\\\/kardiologie-nixdorff.de\\\/\",\"logo\":{\"@type\":\"ImageObject\",\"inLanguage\":\"zh-CN\",\"@id\":\"https:\\\/\\\/kardiologie-nixdorff.de\\\/#\\\/schema\\\/logo\\\/image\\\/\",\"url\":\"https:\\\/\\\/kardiologie-nixdorff.de\\\/wp-content\\\/uploads\\\/2025\\\/10\\\/cropped-Logo_Kardiologie.jpg\",\"contentUrl\":\"https:\\\/\\\/kardiologie-nixdorff.de\\\/wp-content\\\/uploads\\\/2025\\\/10\\\/cropped-Logo_Kardiologie.jpg\",\"width\":512,\"height\":512,\"caption\":\"Kardiologische Privatpraxis - Prof. Nixdorff\"},\"image\":{\"@id\":\"https:\\\/\\\/kardiologie-nixdorff.de\\\/#\\\/schema\\\/logo\\\/image\\\/\"}}]}<\/script>\n<!-- \/ Yoast SEO Premium plugin. -->","yoast_head_json":{"title":"Impressum - Kardiologische Privatpraxis - Prof. Nixdorff","robots":{"index":"index","follow":"follow","max-snippet":"max-snippet:-1","max-image-preview":"max-image-preview:large","max-video-preview":"max-video-preview:-1"},"canonical":"https:\/\/kardiologie-nixdorff.de\/zh\/impressum\/","og_locale":"zh_CN","og_type":"article","og_title":"Impressum","og_description":"Impressum gem\u00e4\u00df \u00a7 5 Telemediengesetz Name und Anschrift der Gesellschaft: Prof. Dr. med. Uwe Nixdorff Internist, Kardiologe, Sportmediziner European Cardiologist Physical Fitness Specialist (Cooper Institute, Dallas\/Texas, USA) Luise-Rainer-Stra\u00dfe 6-10 40235 D\u00fcsseldorf Deutschland Tel: 0211 838 628 50 Gesch\u00e4ftsf\u00fchrer: Prof. Dr. Uwe Nixdorff Sitz der Gesellschaft: D\u00fcsseldorf Handelsregister: HRB 72849 USt-Id.-Nr.: DE 256047729 Prof. Nixdorff \u00fcber [&hellip;]","og_url":"https:\/\/kardiologie-nixdorff.de\/zh\/impressum\/","og_site_name":"Kardiologische Privatpraxis - Prof. Nixdorff","article_modified_time":"2023-07-31T13:48:12+00:00","twitter_card":"summary_large_image","twitter_misc":{"\u9884\u8ba1\u9605\u8bfb\u65f6\u95f4":"2 minutes"},"schema":{"@context":"https:\/\/schema.org","@graph":[{"@type":"WebPage","@id":"https:\/\/kardiologie-nixdorff.de\/impressum\/","url":"https:\/\/kardiologie-nixdorff.de\/impressum\/","name":"Impressum - Kardiologische Privatpraxis - Prof. Nixdorff","isPartOf":{"@id":"https:\/\/kardiologie-nixdorff.de\/#website"},"datePublished":"2023-07-12T08:42:56+00:00","dateModified":"2023-07-31T13:48:12+00:00","breadcrumb":{"@id":"https:\/\/kardiologie-nixdorff.de\/impressum\/#breadcrumb"},"inLanguage":"zh-CN","potentialAction":[{"@type":"ReadAction","target":["https:\/\/kardiologie-nixdorff.de\/impressum\/"]}]},{"@type":"BreadcrumbList","@id":"https:\/\/kardiologie-nixdorff.de\/impressum\/#breadcrumb","itemListElement":[{"@type":"ListItem","position":1,"name":"Home","item":"https:\/\/kardiologie-nixdorff.de\/"},{"@type":"ListItem","position":2,"name":"Impressum"}]},{"@type":"WebSite","@id":"https:\/\/kardiologie-nixdorff.de\/#website","url":"https:\/\/kardiologie-nixdorff.de\/","name":"\u5fc3\u810f\u75c5\u79c1\u4eba\u8bca\u6240 - Nixdorff \u6559\u6388","description":"\u4f4d\u4e8e\u675c\u585e\u5c14\u591a\u592b\u7684 Nixdorff &amp; Vester \u5fc3\u810f\u75c5\u79c1\u4eba\u8bca\u6240\u4ee5\u5168\u9762\u7684\u65b9\u6cd5\u63d0\u4f9b\u4e13\u4e1a\u7684\u5fc3\u810f\u75c5\u6cbb\u7597\u3002\u5728\u7ecf\u9a8c\u4e30\u5bcc\u7684\u5fc3\u810f\u75c5\u4e13\u5bb6 Uwe Nixdorff \u6559\u6388\u548c Ernst G. Vester \u6559\u6388\u7684\u9886\u5bfc\u4e0b\uff0c\u8be5\u8bca\u6240\u5c06\u9884\u9632\u533b\u5b66\u548c\u4ecb\u5165\u533b\u5b66\u76f8\u7ed3\u5408\u3002\u4ece\u521d\u6b65\u68c0\u67e5\u5230\u590d\u6742\u75c5\u4f8b\uff0c\u8be5\u56e2\u961f\u4e3a\u5fc3\u810f\u5065\u5eb7\u63d0\u4f9b\u4e2a\u6027\u5316\u8bca\u65ad\u548c\u62a4\u7406\u3002\u60a3\u8005\u8fd8\u53ef\u4ee5\u901a\u8fc7\u4e0e\u6b27\u6d32\u9884\u9632\u4e2d\u5fc3\u7684\u8054\u7cfb\uff0c\u8fdb\u884c\u5168\u9762\u7684\u5065\u5eb7\u68c0\u67e5\u3002\u8be5\u8bca\u6240\u53ea\u5bf9\u79c1\u4eba\u4fdd\u9669\u60a3\u8005\u6216\u81ea\u8d39\u60a3\u8005\u5f00\u653e\u3002","publisher":{"@id":"https:\/\/kardiologie-nixdorff.de\/#organization"},"alternateName":"Kardiologie D\u00fcsseldorf","potentialAction":[{"@type":"SearchAction","target":{"@type":"EntryPoint","urlTemplate":"https:\/\/kardiologie-nixdorff.de\/?s={search_term_string}"},"query-input":{"@type":"PropertyValueSpecification","valueRequired":true,"valueName":"search_term_string"}}],"inLanguage":"zh-CN"},{"@type":"Organization","@id":"https:\/\/kardiologie-nixdorff.de\/#organization","name":"\u5fc3\u810f\u75c5\u79c1\u4eba\u8bca\u6240 - Nixdorff \u6559\u6388","url":"https:\/\/kardiologie-nixdorff.de\/","logo":{"@type":"ImageObject","inLanguage":"zh-CN","@id":"https:\/\/kardiologie-nixdorff.de\/#\/schema\/logo\/image\/","url":"https:\/\/kardiologie-nixdorff.de\/wp-content\/uploads\/2025\/10\/cropped-Logo_Kardiologie.jpg","contentUrl":"https:\/\/kardiologie-nixdorff.de\/wp-content\/uploads\/2025\/10\/cropped-Logo_Kardiologie.jpg","width":512,"height":512,"caption":"Kardiologische Privatpraxis - Prof. Nixdorff"},"image":{"@id":"https:\/\/kardiologie-nixdorff.de\/#\/schema\/logo\/image\/"}}]}},"_links":{"self":[{"href":"http:\/\/kardiologie-nixdorff.de\/zh\/wp-json\/wp\/v2\/pages\/1716","targetHints":{"allow":["GET"]}}],"collection":[{"href":"http:\/\/kardiologie-nixdorff.de\/zh\/wp-json\/wp\/v2\/pages"}],"about":[{"href":"http:\/\/kardiologie-nixdorff.de\/zh\/wp-json\/wp\/v2\/types\/page"}],"author":[{"embeddable":true,"href":"http:\/\/kardiologie-nixdorff.de\/zh\/wp-json\/wp\/v2\/users\/1"}],"replies":[{"embeddable":true,"href":"http:\/\/kardiologie-nixdorff.de\/zh\/wp-json\/wp\/v2\/comments?post=1716"}],"version-history":[{"count":1,"href":"http:\/\/kardiologie-nixdorff.de\/zh\/wp-json\/wp\/v2\/pages\/1716\/revisions"}],"predecessor-version":[{"id":2528,"href":"http:\/\/kardiologie-nixdorff.de\/zh\/wp-json\/wp\/v2\/pages\/1716\/revisions\/2528"}],"wp:attachment":[{"href":"http:\/\/kardiologie-nixdorff.de\/zh\/wp-json\/wp\/v2\/media?parent=1716"}],"curies":[{"name":"wp","href":"https:\/\/api.w.org\/{rel}","templated":true}]}}