{"id":2091,"date":"2023-07-20T15:05:38","date_gmt":"2023-07-20T15:05:38","guid":{"rendered":"http:\/\/preview.kardiologie-nixdorff-vester.de\/?page_id=2091"},"modified":"2023-08-07T10:34:30","modified_gmt":"2023-08-07T10:34:30","slug":"prof-vester-urkunden","status":"publish","type":"page","link":"https:\/\/kardiologie-nixdorff.de\/fr\/prof-vester-urkunden\/","title":{"rendered":"R\u00e9compenses"},"content":{"rendered":"<div data-elementor-type=\"wp-page\" data-elementor-id=\"2091\" class=\"elementor elementor-2091\" data-elementor-post-type=\"page\">\n\t\t\t\t<div class=\"elementor-element elementor-element-4ddf095a e-flex e-con-boxed e-con e-parent\" data-id=\"4ddf095a\" data-element_type=\"container\" data-e-type=\"container\" data-settings=\"{&quot;background_background&quot;:&quot;classic&quot;}\">\n\t\t\t\t\t<div class=\"e-con-inner\">\n\t\t<div class=\"elementor-element elementor-element-44073ca0 e-con-full e-flex e-con e-child\" data-id=\"44073ca0\" data-element_type=\"container\" data-e-type=\"container\">\n\t\t\t\t<div class=\"elementor-element elementor-element-6e9ab33d elementor-widget elementor-widget-heading\" data-id=\"6e9ab33d\" data-element_type=\"widget\" data-e-type=\"widget\" data-widget_type=\"heading.default\">\n\t\t\t\t<div class=\"elementor-widget-container\">\n\t\t\t\t\t<h2 class=\"elementor-heading-title elementor-size-default\">R\u00c9COMPENSES<\/h2>\t\t\t\t<\/div>\n\t\t\t\t<\/div>\n\t\t\t\t<div class=\"elementor-element elementor-element-1197c090 elementor-widget-divider--view-line elementor-widget elementor-widget-divider\" data-id=\"1197c090\" data-element_type=\"widget\" data-e-type=\"widget\" data-widget_type=\"divider.default\">\n\t\t\t\t<div class=\"elementor-widget-container\">\n\t\t\t\t\t\t\t<div class=\"elementor-divider\">\n\t\t\t<span class=\"elementor-divider-separator\">\n\t\t\t\t\t\t<\/span>\n\t\t<\/div>\n\t\t\t\t\t\t<\/div>\n\t\t\t\t<\/div>\n\t\t\t\t<\/div>\n\t\t\t\t\t<\/div>\n\t\t\t\t<\/div>\n\t\t<div class=\"elementor-element elementor-element-2ab3719 e-flex e-con-boxed e-con e-parent\" data-id=\"2ab3719\" data-element_type=\"container\" data-e-type=\"container\">\n\t\t\t\t\t<div class=\"e-con-inner\">\n\t\t\t\t<div class=\"elementor-element elementor-element-c96445e elementor-widget elementor-widget-text-editor\" data-id=\"c96445e\" data-element_type=\"widget\" data-e-type=\"widget\" data-widget_type=\"text-editor.default\">\n\t\t\t\t<div class=\"elementor-widget-container\">\n\t\t\t\t\t\t\t\t\t<p><strong>Reconnaissance de la qualification suppl\u00e9mentaire :<\/strong><\/p><p>\"Rythmologie sp\u00e9ciale, \u00e9lectropyhsiologie invasive et implants de rythmes cardiaques actifs\" -\u00a0<\/p><p>d\u00e9cern\u00e9 par la Soci\u00e9t\u00e9 allemande de cardiologie - recherche sur le c\u0153ur et les vaisseaux sanguins e.V. en 2014<\/p><p>\u00a0<\/p><p><strong>R\u00e9compenses<\/strong>:<\/p><p>\u00a0Remise du prix Ernst Edens pour le travail :\u00a0<\/p><p>\"Diagnostic et traitement diff\u00e9rentiel des arythmies cardiaques malignes et pr\u00e9vention de la mort subite d'origine cardiaque\" en 1998<\/p><p>\u00a0<\/p><p><strong>Autres r\u00e9compenses :<\/strong><\/p><p>\u00a0<\/p><p>Liste des cliniques FOCUS 2013 des TOP h\u00f4pitaux nationaux\u00a0<\/p><p>Liste des m\u00e9decins FOCUS 2014 TOP m\u00e9decins en Allemagne<\/p><p>Liste des m\u00e9decins FOCUS 2015 Cardiologie<\/p><p>Liste des m\u00e9decins FOCUS 2016 Cardiologie<\/p><p>Liste des m\u00e9decins FOCUS 2017 Cardiologie<\/p><p>Liste des m\u00e9decins FOCUS 2018 Cardiologie<\/p>\t\t\t\t\t\t\t\t<\/div>\n\t\t\t\t<\/div>\n\t\t\t\t<div class=\"elementor-element elementor-element-887dce3 elementor-widget__width-initial elementor-widget elementor-widget-image\" data-id=\"887dce3\" data-element_type=\"widget\" data-e-type=\"widget\" data-widget_type=\"image.default\">\n\t\t\t\t<div class=\"elementor-widget-container\">\n\t\t\t\t\t\t\t\t\t\t\t\t\t\t\t<img fetchpriority=\"high\" decoding=\"async\" width=\"708\" height=\"1024\" src=\"https:\/\/kardiologie-nixdorff.de\/wp-content\/uploads\/2023\/07\/CA102694-708x1024.jpg\" class=\"attachment-large size-large wp-image-2389\" alt=\"\" srcset=\"https:\/\/kardiologie-nixdorff.de\/wp-content\/uploads\/2023\/07\/CA102694-708x1024.jpg 708w, https:\/\/kardiologie-nixdorff.de\/wp-content\/uploads\/2023\/07\/CA102694-207x300.jpg 207w, https:\/\/kardiologie-nixdorff.de\/wp-content\/uploads\/2023\/07\/CA102694-768x1111.jpg 768w, https:\/\/kardiologie-nixdorff.de\/wp-content\/uploads\/2023\/07\/CA102694-1062x1536.jpg 1062w, https:\/\/kardiologie-nixdorff.de\/wp-content\/uploads\/2023\/07\/CA102694-1415x2048.jpg 1415w, https:\/\/kardiologie-nixdorff.de\/wp-content\/uploads\/2023\/07\/CA102694-8x12.jpg 8w, https:\/\/kardiologie-nixdorff.de\/wp-content\/uploads\/2023\/07\/CA102694-scaled.jpg 1769w\" sizes=\"(max-width: 708px) 100vw, 708px\" \/>\t\t\t\t\t\t\t\t\t\t\t\t\t\t\t<\/div>\n\t\t\t\t<\/div>\n\t\t\t\t\t<\/div>\n\t\t\t\t<\/div>\n\t\t\t\t<\/div>","protected":false},"excerpt":{"rendered":"<p>AUSZEICHNUNGEN Anerkennung der Zusatzqualifikation: &#8222;Spezielle Rhythmologie, Invasive Elektropyhsiologie und aktive Herzrhythmusimplantate&#8220; &#8211;\u00a0 verliehen durch die Deutsche Gesellschaft f\u00fcr Kardiologie &#8211; Herz- und Kreislaufforschung e.V. im Jahr 2014 \u00a0 Auszeichnungen: \u00a0Verleihung des Ernst-Edens-Preises f\u00fcr die Arbeit:\u00a0 &#8222;Differentialdiagnostik und -therapie maligner Herzrhythmusst\u00f6rungen und Verhinderung des pl\u00f6tzlichen Herztodes&#8220; im Jahr 1998 \u00a0 Andere Auszeichnungen: \u00a0 FOCUS-Klinikliste 2013 der [&hellip;]<\/p>\n","protected":false},"author":1,"featured_media":0,"parent":0,"menu_order":0,"comment_status":"closed","ping_status":"closed","template":"","meta":{"site-sidebar-layout":"no-sidebar","site-content-layout":"page-builder","ast-site-content-layout":"default","site-content-style":"default","site-sidebar-style":"default","ast-global-header-display":"","ast-banner-title-visibility":"","ast-main-header-display":"","ast-hfb-above-header-display":"","ast-hfb-below-header-display":"","ast-hfb-mobile-header-display":"","site-post-title":"disabled","ast-breadcrumbs-content":"","ast-featured-img":"disabled","footer-sml-layout":"","ast-disable-related-posts":"","theme-transparent-header-meta":"","adv-header-id-meta":"","stick-header-meta":"","header-above-stick-meta":"","header-main-stick-meta":"","header-below-stick-meta":"","astra-migrate-meta-layouts":"default","ast-page-background-enabled":"default","ast-page-background-meta":{"desktop":{"background-color":"var(--ast-global-color-4)","background-image":"","background-repeat":"repeat","background-position":"center center","background-size":"auto","background-attachment":"scroll","background-type":"","background-media":"","overlay-type":"","overlay-color":"","overlay-opacity":"","overlay-gradient":""},"tablet":{"background-color":"","background-image":"","background-repeat":"repeat","background-position":"center center","background-size":"auto","background-attachment":"scroll","background-type":"","background-media":"","overlay-type":"","overlay-color":"","overlay-opacity":"","overlay-gradient":""},"mobile":{"background-color":"","background-image":"","background-repeat":"repeat","background-position":"center center","background-size":"auto","background-attachment":"scroll","background-type":"","background-media":"","overlay-type":"","overlay-color":"","overlay-opacity":"","overlay-gradient":""}},"ast-content-background-meta":{"desktop":{"background-color":"var(--ast-global-color-5)","background-image":"","background-repeat":"repeat","background-position":"center center","background-size":"auto","background-attachment":"scroll","background-type":"","background-media":"","overlay-type":"","overlay-color":"","overlay-opacity":"","overlay-gradient":""},"tablet":{"background-color":"var(--ast-global-color-5)","background-image":"","background-repeat":"repeat","background-position":"center center","background-size":"auto","background-attachment":"scroll","background-type":"","background-media":"","overlay-type":"","overlay-color":"","overlay-opacity":"","overlay-gradient":""},"mobile":{"background-color":"var(--ast-global-color-5)","background-image":"","background-repeat":"repeat","background-position":"center center","background-size":"auto","background-attachment":"scroll","background-type":"","background-media":"","overlay-type":"","overlay-color":"","overlay-opacity":"","overlay-gradient":""}},"footnotes":""},"class_list":["post-2091","page","type-page","status-publish","hentry"],"yoast_head":"<!-- This site is optimized with the Yoast SEO Premium plugin v21.2 (Yoast SEO v27.5) - https:\/\/yoast.com\/product\/yoast-seo-premium-wordpress\/ -->\n<title>Auszeichnungen - Kardiologische Privatpraxis - Prof. Nixdorff<\/title>\n<meta name=\"robots\" content=\"index, follow, max-snippet:-1, max-image-preview:large, max-video-preview:-1\" \/>\n<link rel=\"canonical\" href=\"https:\/\/kardiologie-nixdorff.de\/fr\/prof-vester-urkunden\/\" \/>\n<meta property=\"og:locale\" content=\"fr_FR\" \/>\n<meta property=\"og:type\" content=\"article\" \/>\n<meta property=\"og:title\" content=\"Auszeichnungen\" \/>\n<meta property=\"og:description\" content=\"AUSZEICHNUNGEN Anerkennung der Zusatzqualifikation: &#8222;Spezielle Rhythmologie, Invasive Elektropyhsiologie und aktive Herzrhythmusimplantate&#8220; &#8211;\u00a0 verliehen durch die Deutsche Gesellschaft f\u00fcr Kardiologie &#8211; Herz- und Kreislaufforschung e.V. im Jahr 2014 \u00a0 Auszeichnungen: \u00a0Verleihung des Ernst-Edens-Preises f\u00fcr die Arbeit:\u00a0 &#8222;Differentialdiagnostik und -therapie maligner Herzrhythmusst\u00f6rungen und Verhinderung des pl\u00f6tzlichen Herztodes&#8220; im Jahr 1998 \u00a0 Andere Auszeichnungen: \u00a0 FOCUS-Klinikliste 2013 der [&hellip;]\" \/>\n<meta property=\"og:url\" content=\"https:\/\/kardiologie-nixdorff.de\/fr\/prof-vester-urkunden\/\" \/>\n<meta property=\"og:site_name\" content=\"Kardiologische Privatpraxis - Prof. Nixdorff\" \/>\n<meta property=\"article:modified_time\" content=\"2023-08-07T10:34:30+00:00\" \/>\n<meta property=\"og:image\" content=\"https:\/\/kardiologie-vvjj4ek5l9.live-website.com\/wp-content\/uploads\/2023\/07\/CA102694-708x1024.jpg\" \/>\n<meta name=\"twitter:card\" content=\"summary_large_image\" \/>\n<script type=\"application\/ld+json\" class=\"yoast-schema-graph\">{\"@context\":\"https:\\\/\\\/schema.org\",\"@graph\":[{\"@type\":\"WebPage\",\"@id\":\"https:\\\/\\\/kardiologie-nixdorff.de\\\/prof-vester-urkunden\\\/\",\"url\":\"https:\\\/\\\/kardiologie-nixdorff.de\\\/prof-vester-urkunden\\\/\",\"name\":\"Auszeichnungen - Kardiologische Privatpraxis - Prof. Nixdorff\",\"isPartOf\":{\"@id\":\"https:\\\/\\\/kardiologie-nixdorff.de\\\/#website\"},\"primaryImageOfPage\":{\"@id\":\"https:\\\/\\\/kardiologie-nixdorff.de\\\/prof-vester-urkunden\\\/#primaryimage\"},\"image\":{\"@id\":\"https:\\\/\\\/kardiologie-nixdorff.de\\\/prof-vester-urkunden\\\/#primaryimage\"},\"thumbnailUrl\":\"https:\\\/\\\/kardiologie-vvjj4ek5l9.live-website.com\\\/wp-content\\\/uploads\\\/2023\\\/07\\\/CA102694-708x1024.jpg\",\"datePublished\":\"2023-07-20T15:05:38+00:00\",\"dateModified\":\"2023-08-07T10:34:30+00:00\",\"breadcrumb\":{\"@id\":\"https:\\\/\\\/kardiologie-nixdorff.de\\\/prof-vester-urkunden\\\/#breadcrumb\"},\"inLanguage\":\"fr-FR\",\"potentialAction\":[{\"@type\":\"ReadAction\",\"target\":[\"https:\\\/\\\/kardiologie-nixdorff.de\\\/prof-vester-urkunden\\\/\"]}]},{\"@type\":\"ImageObject\",\"inLanguage\":\"fr-FR\",\"@id\":\"https:\\\/\\\/kardiologie-nixdorff.de\\\/prof-vester-urkunden\\\/#primaryimage\",\"url\":\"https:\\\/\\\/kardiologie-vvjj4ek5l9.live-website.com\\\/wp-content\\\/uploads\\\/2023\\\/07\\\/CA102694-708x1024.jpg\",\"contentUrl\":\"https:\\\/\\\/kardiologie-vvjj4ek5l9.live-website.com\\\/wp-content\\\/uploads\\\/2023\\\/07\\\/CA102694-708x1024.jpg\"},{\"@type\":\"BreadcrumbList\",\"@id\":\"https:\\\/\\\/kardiologie-nixdorff.de\\\/prof-vester-urkunden\\\/#breadcrumb\",\"itemListElement\":[{\"@type\":\"ListItem\",\"position\":1,\"name\":\"Home\",\"item\":\"https:\\\/\\\/kardiologie-nixdorff.de\\\/\"},{\"@type\":\"ListItem\",\"position\":2,\"name\":\"Auszeichnungen\"}]},{\"@type\":\"WebSite\",\"@id\":\"https:\\\/\\\/kardiologie-nixdorff.de\\\/#website\",\"url\":\"https:\\\/\\\/kardiologie-nixdorff.de\\\/\",\"name\":\"Kardiologische Privatpraxis - Prof. Nixdorff\",\"description\":\"Die Kardiologische Privatpraxis Nixdorff &amp; Vester in D&uuml;sseldorf bietet spezialisierte kardiologische Behandlungen mit einem ganzheitlichen Ansatz. Geleitet von den erfahrenen Kardiologen Prof. Dr. med. Uwe Nixdorff und Prof. Dr. med. Ernst G. Vester, verbindet die Praxis pr&auml;ventive und interventionelle Medizin. Das Team bietet individuelle Diagnostik und Betreuung f&uuml;r Herzgesundheit, von Erstuntersuchungen bis zu komplexen F&auml;llen. Patienten profitieren zudem von der Anbindung an das European Prevention Center f&uuml;r umfassende Gesundheits-Check-ups. Die Praxis ist nur f&uuml;r privat versicherte Patienten oder Selbstzahler zug&auml;nglich.\",\"publisher\":{\"@id\":\"https:\\\/\\\/kardiologie-nixdorff.de\\\/#organization\"},\"alternateName\":\"Kardiologie D\u00fcsseldorf\",\"potentialAction\":[{\"@type\":\"SearchAction\",\"target\":{\"@type\":\"EntryPoint\",\"urlTemplate\":\"https:\\\/\\\/kardiologie-nixdorff.de\\\/?s={search_term_string}\"},\"query-input\":{\"@type\":\"PropertyValueSpecification\",\"valueRequired\":true,\"valueName\":\"search_term_string\"}}],\"inLanguage\":\"fr-FR\"},{\"@type\":\"Organization\",\"@id\":\"https:\\\/\\\/kardiologie-nixdorff.de\\\/#organization\",\"name\":\"Kardiologische Privatpraxis - Prof. Nixdorff\",\"url\":\"https:\\\/\\\/kardiologie-nixdorff.de\\\/\",\"logo\":{\"@type\":\"ImageObject\",\"inLanguage\":\"fr-FR\",\"@id\":\"https:\\\/\\\/kardiologie-nixdorff.de\\\/#\\\/schema\\\/logo\\\/image\\\/\",\"url\":\"https:\\\/\\\/kardiologie-nixdorff.de\\\/wp-content\\\/uploads\\\/2025\\\/10\\\/cropped-Logo_Kardiologie.jpg\",\"contentUrl\":\"https:\\\/\\\/kardiologie-nixdorff.de\\\/wp-content\\\/uploads\\\/2025\\\/10\\\/cropped-Logo_Kardiologie.jpg\",\"width\":512,\"height\":512,\"caption\":\"Kardiologische Privatpraxis - Prof. Nixdorff\"},\"image\":{\"@id\":\"https:\\\/\\\/kardiologie-nixdorff.de\\\/#\\\/schema\\\/logo\\\/image\\\/\"}}]}<\/script>\n<!-- \/ Yoast SEO Premium plugin. -->","yoast_head_json":{"title":"Distinctions - Cabinet priv\u00e9 de cardiologie - Prof. Nixdorff","robots":{"index":"index","follow":"follow","max-snippet":"max-snippet:-1","max-image-preview":"max-image-preview:large","max-video-preview":"max-video-preview:-1"},"canonical":"https:\/\/kardiologie-nixdorff.de\/fr\/prof-vester-urkunden\/","og_locale":"fr_FR","og_type":"article","og_title":"Auszeichnungen","og_description":"AUSZEICHNUNGEN Anerkennung der Zusatzqualifikation: &#8222;Spezielle Rhythmologie, Invasive Elektropyhsiologie und aktive Herzrhythmusimplantate&#8220; &#8211;\u00a0 verliehen durch die Deutsche Gesellschaft f\u00fcr Kardiologie &#8211; Herz- und Kreislaufforschung e.V. im Jahr 2014 \u00a0 Auszeichnungen: \u00a0Verleihung des Ernst-Edens-Preises f\u00fcr die Arbeit:\u00a0 &#8222;Differentialdiagnostik und -therapie maligner Herzrhythmusst\u00f6rungen und Verhinderung des pl\u00f6tzlichen Herztodes&#8220; im Jahr 1998 \u00a0 Andere Auszeichnungen: \u00a0 FOCUS-Klinikliste 2013 der [&hellip;]","og_url":"https:\/\/kardiologie-nixdorff.de\/fr\/prof-vester-urkunden\/","og_site_name":"Kardiologische Privatpraxis - Prof. Nixdorff","article_modified_time":"2023-08-07T10:34:30+00:00","og_image":[{"url":"https:\/\/kardiologie-vvjj4ek5l9.live-website.com\/wp-content\/uploads\/2023\/07\/CA102694-708x1024.jpg","type":"","width":"","height":""}],"twitter_card":"summary_large_image","schema":{"@context":"https:\/\/schema.org","@graph":[{"@type":"WebPage","@id":"https:\/\/kardiologie-nixdorff.de\/prof-vester-urkunden\/","url":"https:\/\/kardiologie-nixdorff.de\/prof-vester-urkunden\/","name":"Distinctions - Cabinet priv\u00e9 de cardiologie - Prof. Nixdorff","isPartOf":{"@id":"https:\/\/kardiologie-nixdorff.de\/#website"},"primaryImageOfPage":{"@id":"https:\/\/kardiologie-nixdorff.de\/prof-vester-urkunden\/#primaryimage"},"image":{"@id":"https:\/\/kardiologie-nixdorff.de\/prof-vester-urkunden\/#primaryimage"},"thumbnailUrl":"https:\/\/kardiologie-vvjj4ek5l9.live-website.com\/wp-content\/uploads\/2023\/07\/CA102694-708x1024.jpg","datePublished":"2023-07-20T15:05:38+00:00","dateModified":"2023-08-07T10:34:30+00:00","breadcrumb":{"@id":"https:\/\/kardiologie-nixdorff.de\/prof-vester-urkunden\/#breadcrumb"},"inLanguage":"fr-FR","potentialAction":[{"@type":"ReadAction","target":["https:\/\/kardiologie-nixdorff.de\/prof-vester-urkunden\/"]}]},{"@type":"ImageObject","inLanguage":"fr-FR","@id":"https:\/\/kardiologie-nixdorff.de\/prof-vester-urkunden\/#primaryimage","url":"https:\/\/kardiologie-vvjj4ek5l9.live-website.com\/wp-content\/uploads\/2023\/07\/CA102694-708x1024.jpg","contentUrl":"https:\/\/kardiologie-vvjj4ek5l9.live-website.com\/wp-content\/uploads\/2023\/07\/CA102694-708x1024.jpg"},{"@type":"BreadcrumbList","@id":"https:\/\/kardiologie-nixdorff.de\/prof-vester-urkunden\/#breadcrumb","itemListElement":[{"@type":"ListItem","position":1,"name":"Home","item":"https:\/\/kardiologie-nixdorff.de\/"},{"@type":"ListItem","position":2,"name":"Auszeichnungen"}]},{"@type":"WebSite","@id":"https:\/\/kardiologie-nixdorff.de\/#website","url":"https:\/\/kardiologie-nixdorff.de\/","name":"Cabinet priv\u00e9 de cardiologie - Prof. Nixdorff","description":"Le cabinet priv\u00e9 de cardiologie Nixdorff &amp; Vester \u00e0 D\u00fcsseldorf propose des traitements cardiologiques sp\u00e9cialis\u00e9s avec une approche globale. Dirig\u00e9 par les cardiologues exp\u00e9riment\u00e9s Prof. Dr. med. Uwe Nixdorff et Prof. Dr. med. Ernst G. Vester, le cabinet combine la m\u00e9decine pr\u00e9ventive et interventionnelle. L'\u00e9quipe propose des diagnostics et des soins individuels pour la sant\u00e9 cardiaque, des premiers examens aux cas complexes. Les patients profitent en outre du lien avec le European Prevention Center pour des bilans de sant\u00e9 complets. Le cabinet n'est accessible qu'aux patients assur\u00e9s en priv\u00e9 ou aux personnes payant elles-m\u00eames leurs frais.","publisher":{"@id":"https:\/\/kardiologie-nixdorff.de\/#organization"},"alternateName":"Kardiologie D\u00fcsseldorf","potentialAction":[{"@type":"SearchAction","target":{"@type":"EntryPoint","urlTemplate":"https:\/\/kardiologie-nixdorff.de\/?s={search_term_string}"},"query-input":{"@type":"PropertyValueSpecification","valueRequired":true,"valueName":"search_term_string"}}],"inLanguage":"fr-FR"},{"@type":"Organization","@id":"https:\/\/kardiologie-nixdorff.de\/#organization","name":"Cabinet priv\u00e9 de cardiologie - Prof. Nixdorff","url":"https:\/\/kardiologie-nixdorff.de\/","logo":{"@type":"ImageObject","inLanguage":"fr-FR","@id":"https:\/\/kardiologie-nixdorff.de\/#\/schema\/logo\/image\/","url":"https:\/\/kardiologie-nixdorff.de\/wp-content\/uploads\/2025\/10\/cropped-Logo_Kardiologie.jpg","contentUrl":"https:\/\/kardiologie-nixdorff.de\/wp-content\/uploads\/2025\/10\/cropped-Logo_Kardiologie.jpg","width":512,"height":512,"caption":"Kardiologische Privatpraxis - Prof. Nixdorff"},"image":{"@id":"https:\/\/kardiologie-nixdorff.de\/#\/schema\/logo\/image\/"}}]}},"_links":{"self":[{"href":"https:\/\/kardiologie-nixdorff.de\/fr\/wp-json\/wp\/v2\/pages\/2091","targetHints":{"allow":["GET"]}}],"collection":[{"href":"https:\/\/kardiologie-nixdorff.de\/fr\/wp-json\/wp\/v2\/pages"}],"about":[{"href":"https:\/\/kardiologie-nixdorff.de\/fr\/wp-json\/wp\/v2\/types\/page"}],"author":[{"embeddable":true,"href":"https:\/\/kardiologie-nixdorff.de\/fr\/wp-json\/wp\/v2\/users\/1"}],"replies":[{"embeddable":true,"href":"https:\/\/kardiologie-nixdorff.de\/fr\/wp-json\/wp\/v2\/comments?post=2091"}],"version-history":[{"count":3,"href":"https:\/\/kardiologie-nixdorff.de\/fr\/wp-json\/wp\/v2\/pages\/2091\/revisions"}],"predecessor-version":[{"id":2755,"href":"https:\/\/kardiologie-nixdorff.de\/fr\/wp-json\/wp\/v2\/pages\/2091\/revisions\/2755"}],"wp:attachment":[{"href":"https:\/\/kardiologie-nixdorff.de\/fr\/wp-json\/wp\/v2\/media?parent=2091"}],"curies":[{"name":"wp","href":"https:\/\/api.w.org\/{rel}","templated":true}]}}